{"id":13424,"date":"2025-09-16T11:36:20","date_gmt":"2025-09-16T11:36:20","guid":{"rendered":"https:\/\/turbowinx.com\/news\/"},"modified":"2025-10-14T06:14:42","modified_gmt":"2025-10-14T06:14:42","slug":"news","status":"publish","type":"page","link":"https:\/\/turbowinx.com\/de\/news\/","title":{"rendered":"News"},"content":{"rendered":"\n<h2 class=\"wp-block-heading\"><strong>Willkommen bei Turbowinx News \u2013 Ihr Insider-Guide f\u00fcr Online-Casinos und Slot-Spiele<\/strong><\/h2>\n\n\n\n<p>Hier f\u00fchlt sich jedes Update wie eine gro\u00dfe Enth\u00fcllung an: ein neuer Slot-Launch, ein Rekordjackpot oder eine Regulierungs\u00e4nderung, die die Branche von morgen pr\u00e4gt.<\/p>\n\n\n\n<p>Unsere Mission ist klar \u2013 wir halten Sie stets auf dem Laufenden. Von exklusiven Vorschauen kommender Spiele \u00fcber detaillierte Analysen von Casino-Aktionen, Treueprogrammen und Bonus-Strategien bis hin zu Branchentrends liefern wir Nachrichten, die f\u00fcr Gelegenheitsspieler ebenso wichtig sind wie f\u00fcr Experten.<\/p>\n\n\n\n<p>Jede Woche finden Sie bei uns:<\/p>\n\n\n\n<ul class=\"wp-block-list\">\n<li><strong>Neue Slots<\/strong> mit detaillierten Infos zu RTP, Volatilit\u00e4t und Features.<\/li>\n\n\n\n<li><strong>Casino-Highlights<\/strong> \u00fcber neue Angebote, Zahlungsmethoden und Plattform-Updates.<\/li>\n\n\n\n<li><strong>Branchen-Insights<\/strong> zu Regulierung, verantwortungsvollem Spielen und Zukunftstrends.<\/li>\n\n\n\n<li><strong>Trends &amp; Innovationen<\/strong> \u2013 von Krypto-Casinos bis KI-gesteuerter Personalisierung.<\/li>\n<\/ul>\n\n\n\n<p>Bei <strong>Turbowinx<\/strong> glauben wir, dass News mehr sein sollten als nur Information \u2013 sie sollen zu kl\u00fcgerem Spiel inspirieren und ein tieferes Verst\u00e4ndnis der dynamischen iGaming-Welt erm\u00f6glichen.<\/p>\n\n\n\n<p>Bleiben Sie neugierig. Bleiben Sie informiert. Bleiben Sie voraus \u2013 mit <strong>Turbowinx News<\/strong>.<\/p>\n\n\n\n<ul class=\"blog-posts list-none spinoko-recent-posts grid gap-4 md:grid-cols-2 lg:grid-cols-3 sp-mb-4\n\t\">\n\n    \n<li class=\"flex flex-col bg-body border overflow-hidden spinoko_shadow spinoko_rounded spinoko_transition \">\n\n    <div class=\"thumbnail-wrapper relative flex-center overflow-hidden\">\n        <a href=\"https:\/\/turbowinx.com\/de\/fiscal-shockwave-europes-igaming-sector-faces-historic-tax-squeeze-in-2026\/\" class=\"w-full h-full overflow-hidden\">\n            <img\n\t\t\tsrc=\"https:\/\/turbowinx.com\/wp-content\/uploads\/2026\/01\/New_regulations_on_online_gambling_taxes-300x164.jpg\"\n\t\t\talt=\"Schock f\u00fcr deutsche Spieler: Gl\u00fccksspielsteuer steigt auf 7 % &#8211; Das Ende der fairen Gewinnchancen?\"\n            loading=\"lazy\"\n            decoding=\"async\"\n\t\t\tclass=\"block sp-mx-auto w-full h-48\"\/>        <\/a>\n    <\/div>\n\n    <h3 class=\"text-2xl font-bold sp-mt-2 sp-px-4\">\n        <a class=\"no-underline text-dark\" href=\"https:\/\/turbowinx.com\/de\/fiscal-shockwave-europes-igaming-sector-faces-historic-tax-squeeze-in-2026\/\">\n            Schock f\u00fcr deutsche Spieler: Gl\u00fccksspielsteuer steigt auf 7 % &#8211; Das Ende der fairen Gewinnchancen?        <\/a>\n    <\/h3>\n\n    <div class=\"sp-mt-4 sp-px-4 text-dark flex-grow\">\n        Berlin hat entschieden: Statt der erhofften Reform des Gl\u00fccksspielstaatsvertrags kommt die Erh\u00f6hung. Ab Mitte des Jahres klettert die Einsatzsteuer auf virtuelle Automatenspiele auf 7 %. Experten warnen vor einer massiven Abwanderung in den Schwarzmarkt. Berlin\/Halle &#8211; F\u00fcr die deutsche Gl\u00fccksspielbranche beginnt das&hellip;    <\/div>\n\n    <div class=\"sp-my-4 sp-px-4 flex items-center justify-between text-sm\">\n\t\t<span class=\"flex items-center text-neutral font-bold\">\n\t\t<svg class=\"icon icon-4 sp-mr-1\" xmlns=\"http:\/\/www.w3.org\/2000\/svg\" viewBox=\"0 0 20 20\"><path d=\"M1 4c0-1.1.9-2 2-2h14a2 2 0 0 1 2 2v14a2 2 0 0 1-2 2H3a2 2 0 0 1-2-2V4zm2 2v12h14V6H3zm2-6h2v2H5V0zm8 0h2v2h-2V0zM5 9h2v2H5V9zm0 4h2v2H5v-2zm4-4h2v2H9V9zm0 4h2v2H9v-2zm4-4h2v2h-2V9zm0 4h2v2h-2v-2z\"\/><\/svg>        Jan 05, 2026\t\t<\/span>\n\n        <a href=\"https:\/\/turbowinx.com\/de\/fiscal-shockwave-europes-igaming-sector-faces-historic-tax-squeeze-in-2026\/\" class=\"flex items-center font-bold no-underline\">\n\t\t\t<span data-str=\"read_more_text\">\n\t\t\t\tWeiterlesen\t\t\t<\/span>\n            <svg class=\"icon icon-4\" xmlns=\"http:\/\/www.w3.org\/2000\/svg\" viewBox=\"0 0 20 20\"><path d=\"M12.95 10.707l.707-.707L8 4.343 6.586 5.757 10.828 10l-4.242 4.243L8 15.657l4.95-4.95z\"\/><\/svg>        <\/a>\n    <\/div>\n<\/li>\n\n<li class=\"flex flex-col bg-body border overflow-hidden spinoko_shadow spinoko_rounded spinoko_transition \">\n\n    <div class=\"thumbnail-wrapper relative flex-center overflow-hidden\">\n        <a href=\"https:\/\/turbowinx.com\/de\/gluecksspiel-deutschland-2025\/\" class=\"w-full h-full overflow-hidden\">\n            <img\n\t\t\tsrc=\"https:\/\/turbowinx.com\/wp-content\/uploads\/2025\/09\/eu-gambling-regulation-2025-300x162.jpg\"\n\t\t\talt=\"Gl\u00fccksspiel in Deutschland 2025: Neue Regeln f\u00fcr Spieler\"\n            loading=\"lazy\"\n            decoding=\"async\"\n\t\t\tclass=\"block sp-mx-auto w-full h-48\"\/>        <\/a>\n    <\/div>\n\n    <h3 class=\"text-2xl font-bold sp-mt-2 sp-px-4\">\n        <a class=\"no-underline text-dark\" href=\"https:\/\/turbowinx.com\/de\/gluecksspiel-deutschland-2025\/\">\n            Gl\u00fccksspiel in Deutschland 2025: Neue Regeln f\u00fcr Spieler        <\/a>\n    <\/h3>\n\n    <div class=\"sp-mt-4 sp-px-4 text-dark flex-grow\">\n        Deutschland versch\u00e4rft 2025 erneut seine Gl\u00fccksspielgesetze. Der Gl\u00fccksspielstaatsvertrag (Gl\u00fcStV) bringt strengere Vorschriften f\u00fcr Online-Casinos, Bonusangebote und Spielerschutz. F\u00fcr Spieler bedeutet das weniger spektakul\u00e4re Boni, daf\u00fcr aber mehr Sicherheit und Transparenz. Der deutsche Gl\u00fccksspielmarkt im Wandel Der deutsche Markt ist einer der strengsten&hellip;    <\/div>\n\n    <div class=\"sp-my-4 sp-px-4 flex items-center justify-between text-sm\">\n\t\t<span class=\"flex items-center text-neutral font-bold\">\n\t\t<svg class=\"icon icon-4 sp-mr-1\" xmlns=\"http:\/\/www.w3.org\/2000\/svg\" viewBox=\"0 0 20 20\"><path d=\"M1 4c0-1.1.9-2 2-2h14a2 2 0 0 1 2 2v14a2 2 0 0 1-2 2H3a2 2 0 0 1-2-2V4zm2 2v12h14V6H3zm2-6h2v2H5V0zm8 0h2v2h-2V0zM5 9h2v2H5V9zm0 4h2v2H5v-2zm4-4h2v2H9V9zm0 4h2v2H9v-2zm4-4h2v2h-2V9zm0 4h2v2h-2v-2z\"\/><\/svg>        Sep 26, 2025\t\t<\/span>\n\n        <a href=\"https:\/\/turbowinx.com\/de\/gluecksspiel-deutschland-2025\/\" class=\"flex items-center font-bold no-underline\">\n\t\t\t<span data-str=\"read_more_text\">\n\t\t\t\tWeiterlesen\t\t\t<\/span>\n            <svg class=\"icon icon-4\" xmlns=\"http:\/\/www.w3.org\/2000\/svg\" viewBox=\"0 0 20 20\"><path d=\"M12.95 10.707l.707-.707L8 4.343 6.586 5.757 10.828 10l-4.242 4.243L8 15.657l4.95-4.95z\"\/><\/svg>        <\/a>\n    <\/div>\n<\/li>\n<\/ul>\n\n\n\n<p><\/p>\n","protected":false},"excerpt":{"rendered":"<p>Willkommen bei Turbowinx News \u2013 Ihr Insider-Guide f\u00fcr Online-Casinos und Slot-Spiele Hier f\u00fchlt sich jedes Update wie eine gro\u00dfe Enth\u00fcllung an: ein neuer Slot-Launch, ein Rekordjackpot oder eine Regulierungs\u00e4nderung, die die Branche von morgen pr\u00e4gt. Unsere Mission ist klar \u2013 wir halten Sie stets auf dem Laufenden. Von exklusiven Vorschauen kommender Spiele \u00fcber detaillierte Analysen [&hellip;]<\/p>\n","protected":false},"author":1,"featured_media":0,"parent":0,"menu_order":0,"comment_status":"closed","ping_status":"closed","template":"templates\/page-cover.php","meta":{"_acf_changed":false,"footnotes":""},"class_list":["post-13424","page","type-page","status-publish","hentry"],"aioseo_notices":[],"acf":[],"_links":{"self":[{"href":"https:\/\/turbowinx.com\/de\/wp-json\/wp\/v2\/pages\/13424","targetHints":{"allow":["GET"]}}],"collection":[{"href":"https:\/\/turbowinx.com\/de\/wp-json\/wp\/v2\/pages"}],"about":[{"href":"https:\/\/turbowinx.com\/de\/wp-json\/wp\/v2\/types\/page"}],"author":[{"embeddable":true,"href":"https:\/\/turbowinx.com\/de\/wp-json\/wp\/v2\/users\/1"}],"replies":[{"embeddable":true,"href":"https:\/\/turbowinx.com\/de\/wp-json\/wp\/v2\/comments?post=13424"}],"version-history":[{"count":5,"href":"https:\/\/turbowinx.com\/de\/wp-json\/wp\/v2\/pages\/13424\/revisions"}],"predecessor-version":[{"id":13575,"href":"https:\/\/turbowinx.com\/de\/wp-json\/wp\/v2\/pages\/13424\/revisions\/13575"}],"wp:attachment":[{"href":"https:\/\/turbowinx.com\/de\/wp-json\/wp\/v2\/media?parent=13424"}],"curies":[{"name":"wp","href":"https:\/\/api.w.org\/{rel}","templated":true}]}}