{"id":13431,"date":"2025-09-10T06:51:45","date_gmt":"2025-09-10T06:51:45","guid":{"rendered":"https:\/\/turbowinx.com\/guides-strategies\/"},"modified":"2025-10-14T06:13:54","modified_gmt":"2025-10-14T06:13:54","slug":"guides-strategies","status":"publish","type":"page","link":"https:\/\/turbowinx.com\/de\/guides-strategies\/","title":{"rendered":"Casino-Guides"},"content":{"rendered":"\n<h2 class=\"wp-block-heading\" id=\"h-casino-guides-amp-strategies-for-smarter-play\"><strong>Casino-Guides &amp; Strategien f\u00fcr Cleveres Spielen<\/strong><\/h2>\n\n\n\n<p>Die <strong>Guides und Strategien von Turbowinx<\/strong> helfen Spielern, bessere Entscheidungen beim Online-Gl\u00fccksspiel zu treffen. Anstatt sich nur auf Gl\u00fcck zu verlassen, erkl\u00e4ren unsere Experten, wie Spiele funktionieren und welche Faktoren wirklich z\u00e4hlen.<\/p>\n\n\n\n<p>Neu im Online-Gl\u00fccksspiel? Starten Sie mit anf\u00e4ngerfreundlichen Themen wie der Wahl eines sicheren Casinos, der Bedeutung von Lizenzen und dem verantwortungsvollen Einl\u00f6sen von Boni. F\u00fcr Slot-Fans behandeln unsere Strategien zentrale Konzepte wie RTP (Auszahlungsquote), Volatilit\u00e4t, Gewinnlinien und Bonus-Features \u2013 klar und verst\u00e4ndlich erkl\u00e4rt.<\/p>\n\n\n\n<p>Ein weiterer wichtiger Aspekt des cleveren Spiels ist das Bankroll-Management. Unsere Guides geben praktische Tipps, wie Sie Limits setzen, Risiken kontrollieren und mit Vertrauen spielen k\u00f6nnen. Zudem legen wir Wert auf <strong>verantwortungsbewusstes Spielen<\/strong>, damit Unterhaltung nicht zu unn\u00f6tigen Risiken f\u00fchrt.<\/p>\n\n\n\n<p>Ob Sie Ihr erstes Casino erkunden oder Ihre Slot-Strategien optimieren m\u00f6chten \u2013 <strong>Turbowinx<\/strong> bietet klare, unabh\u00e4ngige und praxisnahe Ratschl\u00e4ge. Tauchen Sie in unsere Guides ein und erfahren Sie, wie Sie intelligenter spielen k\u00f6nnen.<\/p>\n\n\n\n<p><\/p>\n\n\n\n<ul class=\"blog-posts list-none spinoko-recent-posts grid gap-4 md:grid-cols-2 lg:grid-cols-3 sp-mb-4\n\t\">\n\n    \n<li class=\"flex flex-col bg-body border overflow-hidden spinoko_shadow spinoko_rounded spinoko_transition \">\n\n    <div class=\"thumbnail-wrapper relative flex-center overflow-hidden\">\n        <a href=\"https:\/\/turbowinx.com\/de\/crypto-gambling-regulations-europe-2026\/\" class=\"w-full h-full overflow-hidden\">\n            <img\n\t\t\tsrc=\"https:\/\/turbowinx.com\/wp-content\/uploads\/2026\/01\/Crypto_gambling_regulations_in_Europe-300x164.webp\"\n\t\t\talt=\"Crypto Gambling Regulierung: Der &#8222;Geldfluss-Zangenangriff&#8220; 2026\"\n            loading=\"lazy\"\n            decoding=\"async\"\n\t\t\tclass=\"block sp-mx-auto w-full h-48\"\/>        <\/a>\n    <\/div>\n\n    <h3 class=\"text-2xl font-bold sp-mt-2 sp-px-4\">\n        <a class=\"no-underline text-dark\" href=\"https:\/\/turbowinx.com\/de\/crypto-gambling-regulations-europe-2026\/\">\n            Crypto Gambling Regulierung: Der &#8222;Geldfluss-Zangenangriff&#8220; 2026        <\/a>\n    <\/h3>\n\n    <div class=\"sp-mt-4 sp-px-4 text-dark flex-grow\">\n        Vergessen Sie mal kurz die Gl\u00fccksspiellizenz. Im Jahr 2026 entscheidet eigentlich nicht mehr das Logo auf der Webseite \u00fcber die Legalit\u00e4t eines Casinos, sondern die&hellip;    <\/div>\n\n    <div class=\"sp-my-4 sp-px-4 flex items-center justify-between text-sm\">\n\t\t<span class=\"flex items-center text-neutral font-bold\">\n\t\t<svg class=\"icon icon-4 sp-mr-1\" xmlns=\"http:\/\/www.w3.org\/2000\/svg\" viewBox=\"0 0 20 20\"><path d=\"M1 4c0-1.1.9-2 2-2h14a2 2 0 0 1 2 2v14a2 2 0 0 1-2 2H3a2 2 0 0 1-2-2V4zm2 2v12h14V6H3zm2-6h2v2H5V0zm8 0h2v2h-2V0zM5 9h2v2H5V9zm0 4h2v2H5v-2zm4-4h2v2H9V9zm0 4h2v2H9v-2zm4-4h2v2h-2V9zm0 4h2v2h-2v-2z\"\/><\/svg>        Jan 08, 2026\t\t<\/span>\n\n        <a href=\"https:\/\/turbowinx.com\/de\/crypto-gambling-regulations-europe-2026\/\" class=\"flex items-center font-bold no-underline\">\n\t\t\t<span data-str=\"read_more_text\">\n\t\t\t\tWeiterlesen\t\t\t<\/span>\n            <svg class=\"icon icon-4\" xmlns=\"http:\/\/www.w3.org\/2000\/svg\" viewBox=\"0 0 20 20\"><path d=\"M12.95 10.707l.707-.707L8 4.343 6.586 5.757 10.828 10l-4.242 4.243L8 15.657l4.95-4.95z\"\/><\/svg>        <\/a>\n    <\/div>\n<\/li>\n\n<li class=\"flex flex-col bg-body border overflow-hidden spinoko_shadow spinoko_rounded spinoko_transition \">\n\n    <div class=\"thumbnail-wrapper relative flex-center overflow-hidden\">\n        <a href=\"https:\/\/turbowinx.com\/de\/how-to-register-casino\/\" class=\"w-full h-full overflow-hidden\">\n            <img\n\t\t\tsrc=\"https:\/\/turbowinx.com\/wp-content\/uploads\/2026\/01\/Step-by-Step_How_to_Register_at_Your_First_Casino-300x164.jpg\"\n\t\t\talt=\"Schritt-f\u00fcr-Schritt: Registrierung im ersten Online-Casino\"\n            loading=\"lazy\"\n            decoding=\"async\"\n\t\t\tclass=\"block sp-mx-auto w-full h-48\"\/>        <\/a>\n    <\/div>\n\n    <h3 class=\"text-2xl font-bold sp-mt-2 sp-px-4\">\n        <a class=\"no-underline text-dark\" href=\"https:\/\/turbowinx.com\/de\/how-to-register-casino\/\">\n            Schritt-f\u00fcr-Schritt: Registrierung im ersten Online-Casino        <\/a>\n    <\/h3>\n\n    <div class=\"sp-mt-4 sp-px-4 text-dark flex-grow\">\n        Seien wir ehrlich: Die Registrierung in einem Online-Casino kann einsch\u00fcchternd wirken. Sie geben pers\u00f6nliche Daten und Finanzinformationen an eine Webseite weiter, die Sie vielleicht noch&hellip;    <\/div>\n\n    <div class=\"sp-my-4 sp-px-4 flex items-center justify-between text-sm\">\n\t\t<span class=\"flex items-center text-neutral font-bold\">\n\t\t<svg class=\"icon icon-4 sp-mr-1\" xmlns=\"http:\/\/www.w3.org\/2000\/svg\" viewBox=\"0 0 20 20\"><path d=\"M1 4c0-1.1.9-2 2-2h14a2 2 0 0 1 2 2v14a2 2 0 0 1-2 2H3a2 2 0 0 1-2-2V4zm2 2v12h14V6H3zm2-6h2v2H5V0zm8 0h2v2h-2V0zM5 9h2v2H5V9zm0 4h2v2H5v-2zm4-4h2v2H9V9zm0 4h2v2H9v-2zm4-4h2v2h-2V9zm0 4h2v2h-2v-2z\"\/><\/svg>        Jan 05, 2026\t\t<\/span>\n\n        <a href=\"https:\/\/turbowinx.com\/de\/how-to-register-casino\/\" class=\"flex items-center font-bold no-underline\">\n\t\t\t<span data-str=\"read_more_text\">\n\t\t\t\tWeiterlesen\t\t\t<\/span>\n            <svg class=\"icon icon-4\" xmlns=\"http:\/\/www.w3.org\/2000\/svg\" viewBox=\"0 0 20 20\"><path d=\"M12.95 10.707l.707-.707L8 4.343 6.586 5.757 10.828 10l-4.242 4.243L8 15.657l4.95-4.95z\"\/><\/svg>        <\/a>\n    <\/div>\n<\/li>\n\n<li class=\"flex flex-col bg-body border overflow-hidden spinoko_shadow spinoko_rounded spinoko_transition \">\n\n    <div class=\"thumbnail-wrapper relative flex-center overflow-hidden\">\n        <a href=\"https:\/\/turbowinx.com\/de\/wagering-requirements-explained\/\" class=\"w-full h-full overflow-hidden\">\n            <img\n\t\t\tsrc=\"https:\/\/turbowinx.com\/wp-content\/uploads\/2026\/01\/What_Are_Wagering_Requirements_and_How_Do_They_Work-300x164.jpg\"\n\t\t\talt=\"Umsatzbedingungen einfach erkl\u00e4rt: So tappst du nicht in die Bonus-Falle\"\n            loading=\"lazy\"\n            decoding=\"async\"\n\t\t\tclass=\"block sp-mx-auto w-full h-48\"\/>        <\/a>\n    <\/div>\n\n    <h3 class=\"text-2xl font-bold sp-mt-2 sp-px-4\">\n        <a class=\"no-underline text-dark\" href=\"https:\/\/turbowinx.com\/de\/wagering-requirements-explained\/\">\n            Umsatzbedingungen einfach erkl\u00e4rt: So tappst du nicht in die Bonus-Falle        <\/a>\n    <\/h3>\n\n    <div class=\"sp-mt-4 sp-px-4 text-dark flex-grow\">\n        Du kennst das sicher: Du surfst durchs Netz und \u00fcberall blinken diese Banner: \u201e200 % Bonus!\u201c oder \u201e200 Freispiele nur f\u00fcr die Anmeldung!\u201c. Auf den&hellip;    <\/div>\n\n    <div class=\"sp-my-4 sp-px-4 flex items-center justify-between text-sm\">\n\t\t<span class=\"flex items-center text-neutral font-bold\">\n\t\t<svg class=\"icon icon-4 sp-mr-1\" xmlns=\"http:\/\/www.w3.org\/2000\/svg\" viewBox=\"0 0 20 20\"><path d=\"M1 4c0-1.1.9-2 2-2h14a2 2 0 0 1 2 2v14a2 2 0 0 1-2 2H3a2 2 0 0 1-2-2V4zm2 2v12h14V6H3zm2-6h2v2H5V0zm8 0h2v2h-2V0zM5 9h2v2H5V9zm0 4h2v2H5v-2zm4-4h2v2H9V9zm0 4h2v2H9v-2zm4-4h2v2h-2V9zm0 4h2v2h-2v-2z\"\/><\/svg>        Jan 02, 2026\t\t<\/span>\n\n        <a href=\"https:\/\/turbowinx.com\/de\/wagering-requirements-explained\/\" class=\"flex items-center font-bold no-underline\">\n\t\t\t<span data-str=\"read_more_text\">\n\t\t\t\tWeiterlesen\t\t\t<\/span>\n            <svg class=\"icon icon-4\" xmlns=\"http:\/\/www.w3.org\/2000\/svg\" viewBox=\"0 0 20 20\"><path d=\"M12.95 10.707l.707-.707L8 4.343 6.586 5.757 10.828 10l-4.242 4.243L8 15.657l4.95-4.95z\"\/><\/svg>        <\/a>\n    <\/div>\n<\/li>\n\n<li class=\"flex flex-col bg-body border overflow-hidden spinoko_shadow spinoko_rounded spinoko_transition \">\n\n    <div class=\"thumbnail-wrapper relative flex-center overflow-hidden\">\n        <a href=\"https:\/\/turbowinx.com\/de\/casino-licenses-explained\/\" class=\"w-full h-full overflow-hidden\">\n            <img\n\t\t\tsrc=\"https:\/\/turbowinx.com\/wp-content\/uploads\/2026\/01\/Casino_Licenses_Explained_for_Beginners.jpeg\"\n\t\t\talt=\"Casino-Lizenzen: Entweder du checkst den Footer, oder du wirst abgezockt. Klartext f\u00fcr Spieler.\"\n            loading=\"lazy\"\n            decoding=\"async\"\n\t\t\tclass=\"block sp-mx-auto w-full h-48\"\/>        <\/a>\n    <\/div>\n\n    <h3 class=\"text-2xl font-bold sp-mt-2 sp-px-4\">\n        <a class=\"no-underline text-dark\" href=\"https:\/\/turbowinx.com\/de\/casino-licenses-explained\/\">\n            Casino-Lizenzen: Entweder du checkst den Footer, oder du wirst abgezockt. Klartext f\u00fcr Spieler.        <\/a>\n    <\/h3>\n\n    <div class=\"sp-mt-4 sp-px-4 text-dark flex-grow\">\n        Hand aufs Herz: Wenn du ein Online-Casino besuchst, scrollst du dann ganz nach unten und pr\u00fcfst die winzigen Logos und Paragrafen? Wahrscheinlich nicht. Die meisten&hellip;    <\/div>\n\n    <div class=\"sp-my-4 sp-px-4 flex items-center justify-between text-sm\">\n\t\t<span class=\"flex items-center text-neutral font-bold\">\n\t\t<svg class=\"icon icon-4 sp-mr-1\" xmlns=\"http:\/\/www.w3.org\/2000\/svg\" viewBox=\"0 0 20 20\"><path d=\"M1 4c0-1.1.9-2 2-2h14a2 2 0 0 1 2 2v14a2 2 0 0 1-2 2H3a2 2 0 0 1-2-2V4zm2 2v12h14V6H3zm2-6h2v2H5V0zm8 0h2v2h-2V0zM5 9h2v2H5V9zm0 4h2v2H5v-2zm4-4h2v2H9V9zm0 4h2v2H9v-2zm4-4h2v2h-2V9zm0 4h2v2h-2v-2z\"\/><\/svg>        Jan 02, 2026\t\t<\/span>\n\n        <a href=\"https:\/\/turbowinx.com\/de\/casino-licenses-explained\/\" class=\"flex items-center font-bold no-underline\">\n\t\t\t<span data-str=\"read_more_text\">\n\t\t\t\tWeiterlesen\t\t\t<\/span>\n            <svg class=\"icon icon-4\" xmlns=\"http:\/\/www.w3.org\/2000\/svg\" viewBox=\"0 0 20 20\"><path d=\"M12.95 10.707l.707-.707L8 4.343 6.586 5.757 10.828 10l-4.242 4.243L8 15.657l4.95-4.95z\"\/><\/svg>        <\/a>\n    <\/div>\n<\/li>\n\n<li class=\"flex flex-col bg-body border overflow-hidden spinoko_shadow spinoko_rounded spinoko_transition \">\n\n    <div class=\"thumbnail-wrapper relative flex-center overflow-hidden\">\n        <a href=\"https:\/\/turbowinx.com\/de\/how-to-win-at-gonzos-quest\/\" class=\"w-full h-full overflow-hidden\">\n            <img\n\t\t\tsrc=\"https:\/\/turbowinx.com\/wp-content\/uploads\/2025\/11\/gonzos-quest-slot-netent-300x196.webp\"\n\t\t\talt=\"Wie man bei Gonzo\u2019s Quest gewinnt: Smartere Strategie, RTP &amp; Free Falls\"\n            loading=\"lazy\"\n            decoding=\"async\"\n\t\t\tclass=\"block sp-mx-auto w-full h-48\"\/>        <\/a>\n    <\/div>\n\n    <h3 class=\"text-2xl font-bold sp-mt-2 sp-px-4\">\n        <a class=\"no-underline text-dark\" href=\"https:\/\/turbowinx.com\/de\/how-to-win-at-gonzos-quest\/\">\n            Wie man bei Gonzo\u2019s Quest gewinnt: Smartere Strategie, RTP &amp; Free Falls        <\/a>\n    <\/h3>\n\n    <div class=\"sp-mt-4 sp-px-4 text-dark flex-grow\">\n        Ein Abenteuer in der Welt der Online-Slots zu beginnen, bedeutet oft nicht nur den Nervenkitzel des Drehens zu suchen, sondern auch ein tieferes Verst\u00e4ndnis daf\u00fcr&hellip;    <\/div>\n\n    <div class=\"sp-my-4 sp-px-4 flex items-center justify-between text-sm\">\n\t\t<span class=\"flex items-center text-neutral font-bold\">\n\t\t<svg class=\"icon icon-4 sp-mr-1\" xmlns=\"http:\/\/www.w3.org\/2000\/svg\" viewBox=\"0 0 20 20\"><path d=\"M1 4c0-1.1.9-2 2-2h14a2 2 0 0 1 2 2v14a2 2 0 0 1-2 2H3a2 2 0 0 1-2-2V4zm2 2v12h14V6H3zm2-6h2v2H5V0zm8 0h2v2h-2V0zM5 9h2v2H5V9zm0 4h2v2H5v-2zm4-4h2v2H9V9zm0 4h2v2H9v-2zm4-4h2v2h-2V9zm0 4h2v2h-2v-2z\"\/><\/svg>        Nov 06, 2025\t\t<\/span>\n\n        <a href=\"https:\/\/turbowinx.com\/de\/how-to-win-at-gonzos-quest\/\" class=\"flex items-center font-bold no-underline\">\n\t\t\t<span data-str=\"read_more_text\">\n\t\t\t\tWeiterlesen\t\t\t<\/span>\n            <svg class=\"icon icon-4\" xmlns=\"http:\/\/www.w3.org\/2000\/svg\" viewBox=\"0 0 20 20\"><path d=\"M12.95 10.707l.707-.707L8 4.343 6.586 5.757 10.828 10l-4.242 4.243L8 15.657l4.95-4.95z\"\/><\/svg>        <\/a>\n    <\/div>\n<\/li>\n\n<li class=\"flex flex-col bg-body border overflow-hidden spinoko_shadow spinoko_rounded spinoko_transition \">\n\n    <div class=\"thumbnail-wrapper relative flex-center overflow-hidden\">\n        <a href=\"https:\/\/turbowinx.com\/de\/how-to-win-at-big-bass-bonanza\/\" class=\"w-full h-full overflow-hidden\">\n            <img\n\t\t\tsrc=\"https:\/\/turbowinx.com\/wp-content\/uploads\/2025\/10\/i-300x169.webp\"\n\t\t\talt=\"Wie man bei Big Bass Bonanza gewinnt: Smartere Strategie, RTP &amp; Freispiele\"\n            loading=\"lazy\"\n            decoding=\"async\"\n\t\t\tclass=\"block sp-mx-auto w-full h-48\"\/>        <\/a>\n    <\/div>\n\n    <h3 class=\"text-2xl font-bold sp-mt-2 sp-px-4\">\n        <a class=\"no-underline text-dark\" href=\"https:\/\/turbowinx.com\/de\/how-to-win-at-big-bass-bonanza\/\">\n            Wie man bei Big Bass Bonanza gewinnt: Smartere Strategie, RTP &amp; Freispiele        <\/a>\n    <\/h3>\n\n    <div class=\"sp-mt-4 sp-px-4 text-dark flex-grow\">\n        Einleitung Im weiten Ozean der Online-Slot-Spiele suchen Spieler st\u00e4ndig nicht nur nach spannender Unterhaltung, sondern auch nach einem tieferen Verst\u00e4ndnis, wie sie ihre gew\u00e4hlten Abenteuer&hellip;    <\/div>\n\n    <div class=\"sp-my-4 sp-px-4 flex items-center justify-between text-sm\">\n\t\t<span class=\"flex items-center text-neutral font-bold\">\n\t\t<svg class=\"icon icon-4 sp-mr-1\" xmlns=\"http:\/\/www.w3.org\/2000\/svg\" viewBox=\"0 0 20 20\"><path d=\"M1 4c0-1.1.9-2 2-2h14a2 2 0 0 1 2 2v14a2 2 0 0 1-2 2H3a2 2 0 0 1-2-2V4zm2 2v12h14V6H3zm2-6h2v2H5V0zm8 0h2v2h-2V0zM5 9h2v2H5V9zm0 4h2v2H5v-2zm4-4h2v2H9V9zm0 4h2v2H9v-2zm4-4h2v2h-2V9zm0 4h2v2h-2v-2z\"\/><\/svg>        Oct 16, 2025\t\t<\/span>\n\n        <a href=\"https:\/\/turbowinx.com\/de\/how-to-win-at-big-bass-bonanza\/\" class=\"flex items-center font-bold no-underline\">\n\t\t\t<span data-str=\"read_more_text\">\n\t\t\t\tWeiterlesen\t\t\t<\/span>\n            <svg class=\"icon icon-4\" xmlns=\"http:\/\/www.w3.org\/2000\/svg\" viewBox=\"0 0 20 20\"><path d=\"M12.95 10.707l.707-.707L8 4.343 6.586 5.757 10.828 10l-4.242 4.243L8 15.657l4.95-4.95z\"\/><\/svg>        <\/a>\n    <\/div>\n<\/li>\n\n<li class=\"flex flex-col bg-body border overflow-hidden spinoko_shadow spinoko_rounded spinoko_transition \">\n\n    <div class=\"thumbnail-wrapper relative flex-center overflow-hidden\">\n        <a href=\"https:\/\/turbowinx.com\/de\/how-to-win-at-starburst\/\" class=\"w-full h-full overflow-hidden\">\n            <img\n\t\t\tsrc=\"https:\/\/turbowinx.com\/wp-content\/uploads\/2025\/10\/how-to-win-at-starburst-300x169.webp\"\n\t\t\talt=\"Wie man bei Starburst gewinnt: Smartere Strategie, RTP &amp; Freispiele\"\n            loading=\"lazy\"\n            decoding=\"async\"\n\t\t\tclass=\"block sp-mx-auto w-full h-48\"\/>        <\/a>\n    <\/div>\n\n    <h3 class=\"text-2xl font-bold sp-mt-2 sp-px-4\">\n        <a class=\"no-underline text-dark\" href=\"https:\/\/turbowinx.com\/de\/how-to-win-at-starburst\/\">\n            Wie man bei Starburst gewinnt: Smartere Strategie, RTP &amp; Freispiele        <\/a>\n    <\/h3>\n\n    <div class=\"sp-mt-4 sp-px-4 text-dark flex-grow\">\n        Einleitung In der dynamischen Welt der Online-Slots suchen Spieler oft nicht nur Unterhaltung, sondern auch ein Gef\u00fchl der Kontrolle und Klarheit \u00fcber ihr Spielerlebnis. Die&hellip;    <\/div>\n\n    <div class=\"sp-my-4 sp-px-4 flex items-center justify-between text-sm\">\n\t\t<span class=\"flex items-center text-neutral font-bold\">\n\t\t<svg class=\"icon icon-4 sp-mr-1\" xmlns=\"http:\/\/www.w3.org\/2000\/svg\" viewBox=\"0 0 20 20\"><path d=\"M1 4c0-1.1.9-2 2-2h14a2 2 0 0 1 2 2v14a2 2 0 0 1-2 2H3a2 2 0 0 1-2-2V4zm2 2v12h14V6H3zm2-6h2v2H5V0zm8 0h2v2h-2V0zM5 9h2v2H5V9zm0 4h2v2H5v-2zm4-4h2v2H9V9zm0 4h2v2H9v-2zm4-4h2v2h-2V9zm0 4h2v2h-2v-2z\"\/><\/svg>        Oct 14, 2025\t\t<\/span>\n\n        <a href=\"https:\/\/turbowinx.com\/de\/how-to-win-at-starburst\/\" class=\"flex items-center font-bold no-underline\">\n\t\t\t<span data-str=\"read_more_text\">\n\t\t\t\tWeiterlesen\t\t\t<\/span>\n            <svg class=\"icon icon-4\" xmlns=\"http:\/\/www.w3.org\/2000\/svg\" viewBox=\"0 0 20 20\"><path d=\"M12.95 10.707l.707-.707L8 4.343 6.586 5.757 10.828 10l-4.242 4.243L8 15.657l4.95-4.95z\"\/><\/svg>        <\/a>\n    <\/div>\n<\/li>\n\n<li class=\"flex flex-col bg-body border overflow-hidden spinoko_shadow spinoko_rounded spinoko_transition \">\n\n    <div class=\"thumbnail-wrapper relative flex-center overflow-hidden\">\n        <a href=\"https:\/\/turbowinx.com\/de\/how-to-win-at-sweet-bonanza\/\" class=\"w-full h-full overflow-hidden\">\n            <img\n\t\t\tsrc=\"https:\/\/turbowinx.com\/wp-content\/uploads\/2025\/09\/How_to_win_at_sweet_bonanza-300x169.webp\"\n\t\t\talt=\"Wie man bei Sweet Bonanza gewinnt: Smartere Strategie, RTP &#038; Freispiele\"\n            loading=\"lazy\"\n            decoding=\"async\"\n\t\t\tclass=\"block sp-mx-auto w-full h-48\"\/>        <\/a>\n    <\/div>\n\n    <h3 class=\"text-2xl font-bold sp-mt-2 sp-px-4\">\n        <a class=\"no-underline text-dark\" href=\"https:\/\/turbowinx.com\/de\/how-to-win-at-sweet-bonanza\/\">\n            Wie man bei Sweet Bonanza gewinnt: Smartere Strategie, RTP &#038; Freispiele        <\/a>\n    <\/h3>\n\n    <div class=\"sp-mt-4 sp-px-4 text-dark flex-grow\">\n        Einleitung F\u00fcr viele Spieler in Deutschland ist Sweet Bonanza mehr als nur ein bunter Slot es ist ein Spiel voller Spannung, Schwankungen und Chancen. Gleichzeitig&hellip;    <\/div>\n\n    <div class=\"sp-my-4 sp-px-4 flex items-center justify-between text-sm\">\n\t\t<span class=\"flex items-center text-neutral font-bold\">\n\t\t<svg class=\"icon icon-4 sp-mr-1\" xmlns=\"http:\/\/www.w3.org\/2000\/svg\" viewBox=\"0 0 20 20\"><path d=\"M1 4c0-1.1.9-2 2-2h14a2 2 0 0 1 2 2v14a2 2 0 0 1-2 2H3a2 2 0 0 1-2-2V4zm2 2v12h14V6H3zm2-6h2v2H5V0zm8 0h2v2h-2V0zM5 9h2v2H5V9zm0 4h2v2H5v-2zm4-4h2v2H9V9zm0 4h2v2H9v-2zm4-4h2v2h-2V9zm0 4h2v2h-2v-2z\"\/><\/svg>        Sep 30, 2025\t\t<\/span>\n\n        <a href=\"https:\/\/turbowinx.com\/de\/how-to-win-at-sweet-bonanza\/\" class=\"flex items-center font-bold no-underline\">\n\t\t\t<span data-str=\"read_more_text\">\n\t\t\t\tWeiterlesen\t\t\t<\/span>\n            <svg class=\"icon icon-4\" xmlns=\"http:\/\/www.w3.org\/2000\/svg\" viewBox=\"0 0 20 20\"><path d=\"M12.95 10.707l.707-.707L8 4.343 6.586 5.757 10.828 10l-4.242 4.243L8 15.657l4.95-4.95z\"\/><\/svg>        <\/a>\n    <\/div>\n<\/li>\n<\/ul>\n","protected":false},"excerpt":{"rendered":"<p>Casino-Guides &amp; Strategien f\u00fcr Cleveres Spielen Die Guides und Strategien von Turbowinx helfen Spielern, bessere Entscheidungen beim Online-Gl\u00fccksspiel zu treffen. Anstatt sich nur auf Gl\u00fcck zu verlassen, erkl\u00e4ren unsere Experten, wie Spiele funktionieren und welche Faktoren wirklich z\u00e4hlen. Neu im Online-Gl\u00fccksspiel? Starten Sie mit anf\u00e4ngerfreundlichen Themen wie der Wahl eines sicheren Casinos, der Bedeutung von [&hellip;]<\/p>\n","protected":false},"author":1,"featured_media":0,"parent":0,"menu_order":0,"comment_status":"closed","ping_status":"closed","template":"templates\/page-cover.php","meta":{"_acf_changed":false,"footnotes":""},"class_list":["post-13431","page","type-page","status-publish","hentry"],"aioseo_notices":[],"acf":[],"_links":{"self":[{"href":"https:\/\/turbowinx.com\/de\/wp-json\/wp\/v2\/pages\/13431","targetHints":{"allow":["GET"]}}],"collection":[{"href":"https:\/\/turbowinx.com\/de\/wp-json\/wp\/v2\/pages"}],"about":[{"href":"https:\/\/turbowinx.com\/de\/wp-json\/wp\/v2\/types\/page"}],"author":[{"embeddable":true,"href":"https:\/\/turbowinx.com\/de\/wp-json\/wp\/v2\/users\/1"}],"replies":[{"embeddable":true,"href":"https:\/\/turbowinx.com\/de\/wp-json\/wp\/v2\/comments?post=13431"}],"version-history":[{"count":2,"href":"https:\/\/turbowinx.com\/de\/wp-json\/wp\/v2\/pages\/13431\/revisions"}],"predecessor-version":[{"id":13573,"href":"https:\/\/turbowinx.com\/de\/wp-json\/wp\/v2\/pages\/13431\/revisions\/13573"}],"wp:attachment":[{"href":"https:\/\/turbowinx.com\/de\/wp-json\/wp\/v2\/media?parent=13431"}],"curies":[{"name":"wp","href":"https:\/\/api.w.org\/{rel}","templated":true}]}}