{"id":13433,"date":"2025-09-10T07:34:57","date_gmt":"2025-09-10T07:34:57","guid":{"rendered":"https:\/\/turbowinx.com\/slot-games\/"},"modified":"2025-10-14T06:14:58","modified_gmt":"2025-10-14T06:14:58","slug":"slot-games","status":"publish","type":"page","link":"https:\/\/turbowinx.com\/de\/slot-games\/","title":{"rendered":"Spielautomaten"},"content":{"rendered":"\n<h1 class=\"wp-block-heading\" id=\"h-online-slot-games-reviews-amp-rtp\"><strong>Slot-Bewertungen &amp; RTP<\/strong><\/h1>\n\n\n\n<p>Die <strong>Slot-Bewertungen auf Turbowinx<\/strong> liefern deutschen Spielern detaillierte und vertrauensw\u00fcrdige Informationen zu den beliebtesten Online-Slots. Unser Ziel: Ihnen die wichtigsten Grundlagen jedes Spiels n\u00e4herzubringen \u2013 <strong>RTP, Volatilit\u00e4t, Gewinnlinien und Bonus-Features<\/strong>.<\/p>\n\n\n\n<p>In unseren Reviews erkl\u00e4ren wir verst\u00e4ndlich, wie Slots funktionieren:<\/p>\n\n\n\n<ul class=\"wp-block-list\">\n<li><strong>RTP (Auszahlungsquote):<\/strong> zeigt den theoretischen R\u00fcckzahlungswert.<\/li>\n\n\n\n<li><strong>Volatilit\u00e4t:<\/strong> wie h\u00e4ufig und wie hoch Gewinne ausfallen k\u00f6nnen.<\/li>\n\n\n\n<li><strong>Gewinnlinien &amp; Mechaniken<\/strong> (inkl. Megaways und Cluster Pays): wie Kombinationen gebildet werden.<\/li>\n\n\n\n<li><strong>Bonus-Features<\/strong> wie Freispiele, Multiplikatoren und Jackpots: f\u00fcr spannende Spielrunden.<\/li>\n<\/ul>\n\n\n\n<p>Wir stellen au\u00dferdem die Highlights f\u00fchrender Anbieter wie <strong>Pragmatic Play, NetEnt, Play\u2019n GO und Microgaming<\/strong> vor und zeigen deren Top-Releases sowie Innovationen.<\/p>\n\n\n\n<p>Von klassischen Fruit Machines bis zu modernen Videoslots mit Animationen und Spezial-Features \u2013 unsere Tests geben Ihnen ein vollst\u00e4ndiges Bild.<\/p>\n\n\n\n<p>Mit <strong>Turbowinx<\/strong> erhalten Sie unabh\u00e4ngige, klare und praxisnahe Slot-Bewertungen \u2013 speziell f\u00fcr deutsche Spieler..<\/p>\n\n\n<div class=\"games-grid-wrapper sp-mb-8 \" data-listing-id=\"2w7Q63HlUJvbEO5v\"><ul class=\"games-grid list-none grid gap-4 md:grid-cols-2\" data-page=\"1\"\n\t\t\t\tdata-per-page=\"-1\"\n                data-category-id=\"469\"\n\t\t\t\tdata-total=\"6\"\n\t\t\t\tdata-style=\"1\"><li class=\"border spinoko_shadow spinoko_rounded spinoko_transition\"\n\t\t\t\t\tdata-id=\"14572\">\n\t\t\t\t\t<a href=\"https:\/\/turbowinx.com\/de\/game\/ice-fishing-slot-review\/\" class=\"block no-underline\"><div class=\"sp-p-2 text-lg font-bold text-body text-center md:text-left\" >Ice Fishing<\/div><div class=\"h-64 overflow-hidden\" ><img\n\t\t\tsrc=\"https:\/\/turbowinx.com\/wp-content\/uploads\/2025\/12\/ice-fishing-logo.webp\"\n\t\t\talt=\"Ice Fishing\"\n            loading=\"lazy\"\n            decoding=\"async\"\n\t\t\tclass=\"block bg-light w-full max-w-full h-full max-h-full\"\/><\/div><div class=\"md:flex items-center justify-between sp-p-2\" ><div class=\"font-bold text-center md:text-left block sp-mb-2 md:sp-mb-0\" ><span class=\"text-neutral font-bold sp-mr-1\" data-str=\"games_grid_software_label\">Software:<\/span><span class=\"text-body\" >Pragmatic Play<\/span><\/div><span class=\"text-star\" ><span class=\"rating-stars flex items-center justify-center\" data-rating=\"4.35\"><svg class=\"icon icon-fill-base icon-6\" viewBox=\"0 0 20 21\" title=\"full star\">\n\t<path d=\"M10,15.273 L16.18,19 L14.545,11.971 L20,7.244 L12.809,6.627 L10,0 L7.191,6.627 L0,7.244 L5.455,11.971 L3.82,19 L10,15.273 Z\" \/>\n<\/svg>\n<svg class=\"icon icon-fill-base icon-6\" viewBox=\"0 0 20 21\" title=\"full star\">\n\t<path d=\"M10,15.273 L16.18,19 L14.545,11.971 L20,7.244 L12.809,6.627 L10,0 L7.191,6.627 L0,7.244 L5.455,11.971 L3.82,19 L10,15.273 Z\" \/>\n<\/svg>\n<svg class=\"icon icon-fill-base icon-6\" viewBox=\"0 0 20 21\" title=\"full star\">\n\t<path d=\"M10,15.273 L16.18,19 L14.545,11.971 L20,7.244 L12.809,6.627 L10,0 L7.191,6.627 L0,7.244 L5.455,11.971 L3.82,19 L10,15.273 Z\" \/>\n<\/svg>\n<svg class=\"icon icon-fill-base icon-6\" viewBox=\"0 0 20 21\" title=\"full star\">\n\t<path d=\"M10,15.273 L16.18,19 L14.545,11.971 L20,7.244 L12.809,6.627 L10,0 L7.191,6.627 L0,7.244 L5.455,11.971 L3.82,19 L10,15.273 Z\" \/>\n<\/svg>\n<svg class=\"icon icon-fill-base icon-6\" viewBox=\"0 0 20 21\" title=\"half empty star\">\n\t<path d=\"M20,6.744 L12.809,6.127 L10,-0.5 L7.191,6.127 L0,6.744 L5.455,11.471 L3.82,18.5 L10,14.772 L16.18,18.499 L14.545,11.47 L20,6.744 L20,6.744 Z M10,12.896 L10,3.595 L11.71,7.631 L16.09,8.007 L12.768,10.885 L13.764,15.166 L10,12.896 L10,12.896 Z\" \/>\n<\/svg>\n<span class=\"sp-ml-2 text-neutral font-bold\">8.7\/ 10<\/span><\/span><\/span><\/div><\/a>\n\t\t\t\t<\/li><li class=\"border spinoko_shadow spinoko_rounded spinoko_transition\"\n\t\t\t\t\tdata-id=\"14351\">\n\t\t\t\t\t<a href=\"https:\/\/turbowinx.com\/de\/game\/gonzos-quest-review\/\" class=\"block no-underline\"><div class=\"sp-p-2 text-lg font-bold text-body text-center md:text-left\" >Gonzo\u2019s Quest<\/div><div class=\"h-64 overflow-hidden\" ><img\n\t\t\tsrc=\"https:\/\/turbowinx.com\/wp-content\/uploads\/2025\/11\/Gonzo_Quest.webp\"\n\t\t\talt=\"Gonzo\u2019s Quest\"\n            loading=\"lazy\"\n            decoding=\"async\"\n\t\t\tclass=\"block bg-light w-full max-w-full h-full max-h-full\"\/><\/div><div class=\"md:flex items-center justify-between sp-p-2\" ><div class=\"font-bold text-center md:text-left block sp-mb-2 md:sp-mb-0\" ><span class=\"text-neutral font-bold sp-mr-1\" data-str=\"games_grid_software_label\">Software:<\/span><span class=\"text-body\" >NetEnt<\/span><\/div><span class=\"text-star\" ><span class=\"rating-stars flex items-center justify-center\" data-rating=\"4.75\"><svg class=\"icon icon-fill-base icon-6\" viewBox=\"0 0 20 21\" title=\"full star\">\n\t<path d=\"M10,15.273 L16.18,19 L14.545,11.971 L20,7.244 L12.809,6.627 L10,0 L7.191,6.627 L0,7.244 L5.455,11.971 L3.82,19 L10,15.273 Z\" \/>\n<\/svg>\n<svg class=\"icon icon-fill-base icon-6\" viewBox=\"0 0 20 21\" title=\"full star\">\n\t<path d=\"M10,15.273 L16.18,19 L14.545,11.971 L20,7.244 L12.809,6.627 L10,0 L7.191,6.627 L0,7.244 L5.455,11.971 L3.82,19 L10,15.273 Z\" \/>\n<\/svg>\n<svg class=\"icon icon-fill-base icon-6\" viewBox=\"0 0 20 21\" title=\"full star\">\n\t<path d=\"M10,15.273 L16.18,19 L14.545,11.971 L20,7.244 L12.809,6.627 L10,0 L7.191,6.627 L0,7.244 L5.455,11.971 L3.82,19 L10,15.273 Z\" \/>\n<\/svg>\n<svg class=\"icon icon-fill-base icon-6\" viewBox=\"0 0 20 21\" title=\"full star\">\n\t<path d=\"M10,15.273 L16.18,19 L14.545,11.971 L20,7.244 L12.809,6.627 L10,0 L7.191,6.627 L0,7.244 L5.455,11.971 L3.82,19 L10,15.273 Z\" \/>\n<\/svg>\n<svg class=\"icon icon-fill-base icon-6\" viewBox=\"0 0 20 21\" title=\"half empty star\">\n\t<path d=\"M20,6.744 L12.809,6.127 L10,-0.5 L7.191,6.127 L0,6.744 L5.455,11.471 L3.82,18.5 L10,14.772 L16.18,18.499 L14.545,11.47 L20,6.744 L20,6.744 Z M10,12.896 L10,3.595 L11.71,7.631 L16.09,8.007 L12.768,10.885 L13.764,15.166 L10,12.896 L10,12.896 Z\" \/>\n<\/svg>\n<span class=\"sp-ml-2 text-neutral font-bold\">9.5\/ 10<\/span><\/span><\/span><\/div><\/a>\n\t\t\t\t<\/li><li class=\"border spinoko_shadow spinoko_rounded spinoko_transition\"\n\t\t\t\t\tdata-id=\"14218\">\n\t\t\t\t\t<a href=\"https:\/\/turbowinx.com\/de\/game\/big-bass-bonanza-review\/\" class=\"block no-underline\"><div class=\"sp-p-2 text-lg font-bold text-body text-center md:text-left\" >Big Bass Bonanza<\/div><div class=\"h-64 overflow-hidden\" ><img\n\t\t\tsrc=\"https:\/\/turbowinx.com\/wp-content\/uploads\/2025\/10\/Big_Bass_Bonanza-1.webp\"\n\t\t\talt=\"Big Bass Bonanza\"\n            loading=\"lazy\"\n            decoding=\"async\"\n\t\t\tclass=\"block bg-light w-full max-w-full h-full max-h-full\"\/><\/div><div class=\"md:flex items-center justify-between sp-p-2\" ><div class=\"font-bold text-center md:text-left block sp-mb-2 md:sp-mb-0\" ><span class=\"text-neutral font-bold sp-mr-1\" data-str=\"games_grid_software_label\">Software:<\/span><span class=\"text-body\" >Pragmatic Play<\/span><\/div><span class=\"text-star\" ><span class=\"rating-stars flex items-center justify-center\" data-rating=\"4.5\"><svg class=\"icon icon-fill-base icon-6\" viewBox=\"0 0 20 21\" title=\"full star\">\n\t<path d=\"M10,15.273 L16.18,19 L14.545,11.971 L20,7.244 L12.809,6.627 L10,0 L7.191,6.627 L0,7.244 L5.455,11.971 L3.82,19 L10,15.273 Z\" \/>\n<\/svg>\n<svg class=\"icon icon-fill-base icon-6\" viewBox=\"0 0 20 21\" title=\"full star\">\n\t<path d=\"M10,15.273 L16.18,19 L14.545,11.971 L20,7.244 L12.809,6.627 L10,0 L7.191,6.627 L0,7.244 L5.455,11.971 L3.82,19 L10,15.273 Z\" \/>\n<\/svg>\n<svg class=\"icon icon-fill-base icon-6\" viewBox=\"0 0 20 21\" title=\"full star\">\n\t<path d=\"M10,15.273 L16.18,19 L14.545,11.971 L20,7.244 L12.809,6.627 L10,0 L7.191,6.627 L0,7.244 L5.455,11.971 L3.82,19 L10,15.273 Z\" \/>\n<\/svg>\n<svg class=\"icon icon-fill-base icon-6\" viewBox=\"0 0 20 21\" title=\"full star\">\n\t<path d=\"M10,15.273 L16.18,19 L14.545,11.971 L20,7.244 L12.809,6.627 L10,0 L7.191,6.627 L0,7.244 L5.455,11.971 L3.82,19 L10,15.273 Z\" \/>\n<\/svg>\n<svg class=\"icon icon-fill-base icon-6\" viewBox=\"0 0 20 21\" title=\"half empty star\">\n\t<path d=\"M20,6.744 L12.809,6.127 L10,-0.5 L7.191,6.127 L0,6.744 L5.455,11.471 L3.82,18.5 L10,14.772 L16.18,18.499 L14.545,11.47 L20,6.744 L20,6.744 Z M10,12.896 L10,3.595 L11.71,7.631 L16.09,8.007 L12.768,10.885 L13.764,15.166 L10,12.896 L10,12.896 Z\" \/>\n<\/svg>\n<span class=\"sp-ml-2 text-neutral font-bold\">9\/ 10<\/span><\/span><\/span><\/div><\/a>\n\t\t\t\t<\/li><li class=\"border spinoko_shadow spinoko_rounded spinoko_transition\"\n\t\t\t\t\tdata-id=\"14136\">\n\t\t\t\t\t<a href=\"https:\/\/turbowinx.com\/de\/game\/starburst-review\/\" class=\"block no-underline\"><div class=\"sp-p-2 text-lg font-bold text-body text-center md:text-left\" >Starburst<\/div><div class=\"h-64 overflow-hidden\" ><img\n\t\t\tsrc=\"https:\/\/turbowinx.com\/wp-content\/uploads\/2025\/10\/Starburst.webp\"\n\t\t\talt=\"Starburst\"\n            loading=\"lazy\"\n            decoding=\"async\"\n\t\t\tclass=\"block bg-light w-full max-w-full h-full max-h-full\"\/><\/div><div class=\"md:flex items-center justify-between sp-p-2\" ><div class=\"font-bold text-center md:text-left block sp-mb-2 md:sp-mb-0\" ><span class=\"text-neutral font-bold sp-mr-1\" data-str=\"games_grid_software_label\">Software:<\/span><span class=\"text-body\" >NetEnt<\/span><\/div><span class=\"text-star\" ><span class=\"rating-stars flex items-center justify-center\" data-rating=\"5\"><svg class=\"icon icon-fill-base icon-6\" viewBox=\"0 0 20 21\" title=\"full star\">\n\t<path d=\"M10,15.273 L16.18,19 L14.545,11.971 L20,7.244 L12.809,6.627 L10,0 L7.191,6.627 L0,7.244 L5.455,11.971 L3.82,19 L10,15.273 Z\" \/>\n<\/svg>\n<svg class=\"icon icon-fill-base icon-6\" viewBox=\"0 0 20 21\" title=\"full star\">\n\t<path d=\"M10,15.273 L16.18,19 L14.545,11.971 L20,7.244 L12.809,6.627 L10,0 L7.191,6.627 L0,7.244 L5.455,11.971 L3.82,19 L10,15.273 Z\" \/>\n<\/svg>\n<svg class=\"icon icon-fill-base icon-6\" viewBox=\"0 0 20 21\" title=\"full star\">\n\t<path d=\"M10,15.273 L16.18,19 L14.545,11.971 L20,7.244 L12.809,6.627 L10,0 L7.191,6.627 L0,7.244 L5.455,11.971 L3.82,19 L10,15.273 Z\" \/>\n<\/svg>\n<svg class=\"icon icon-fill-base icon-6\" viewBox=\"0 0 20 21\" title=\"full star\">\n\t<path d=\"M10,15.273 L16.18,19 L14.545,11.971 L20,7.244 L12.809,6.627 L10,0 L7.191,6.627 L0,7.244 L5.455,11.971 L3.82,19 L10,15.273 Z\" \/>\n<\/svg>\n<svg class=\"icon icon-fill-base icon-6\" viewBox=\"0 0 20 21\" title=\"full star\">\n\t<path d=\"M10,15.273 L16.18,19 L14.545,11.971 L20,7.244 L12.809,6.627 L10,0 L7.191,6.627 L0,7.244 L5.455,11.971 L3.82,19 L10,15.273 Z\" \/>\n<\/svg>\n<span class=\"sp-ml-2 text-neutral font-bold\">10\/ 10<\/span><\/span><\/span><\/div><\/a>\n\t\t\t\t<\/li><li class=\"border spinoko_shadow spinoko_rounded spinoko_transition\"\n\t\t\t\t\tdata-id=\"13875\">\n\t\t\t\t\t<a href=\"https:\/\/turbowinx.com\/de\/game\/sweet-bonanza-review\/\" class=\"block no-underline\"><div class=\"sp-p-2 text-lg font-bold text-body text-center md:text-left\" >Sweet Bonanza<\/div><div class=\"h-64 overflow-hidden\" ><img\n\t\t\tsrc=\"https:\/\/turbowinx.com\/wp-content\/uploads\/2025\/09\/Sweet-Bonanza-.webp\"\n\t\t\talt=\"Sweet Bonanza\"\n            loading=\"lazy\"\n            decoding=\"async\"\n\t\t\tclass=\"block bg-light w-full max-w-full h-full max-h-full\"\/><\/div><div class=\"md:flex items-center justify-between sp-p-2\" ><div class=\"font-bold text-center md:text-left block sp-mb-2 md:sp-mb-0\" ><span class=\"text-neutral font-bold sp-mr-1\" data-str=\"games_grid_software_label\">Software:<\/span><span class=\"text-body\" >Pragmatic Play<\/span><\/div><span class=\"text-star\" ><span class=\"rating-stars flex items-center justify-center\" data-rating=\"4.5\"><svg class=\"icon icon-fill-base icon-6\" viewBox=\"0 0 20 21\" title=\"full star\">\n\t<path d=\"M10,15.273 L16.18,19 L14.545,11.971 L20,7.244 L12.809,6.627 L10,0 L7.191,6.627 L0,7.244 L5.455,11.971 L3.82,19 L10,15.273 Z\" \/>\n<\/svg>\n<svg class=\"icon icon-fill-base icon-6\" viewBox=\"0 0 20 21\" title=\"full star\">\n\t<path d=\"M10,15.273 L16.18,19 L14.545,11.971 L20,7.244 L12.809,6.627 L10,0 L7.191,6.627 L0,7.244 L5.455,11.971 L3.82,19 L10,15.273 Z\" \/>\n<\/svg>\n<svg class=\"icon icon-fill-base icon-6\" viewBox=\"0 0 20 21\" title=\"full star\">\n\t<path d=\"M10,15.273 L16.18,19 L14.545,11.971 L20,7.244 L12.809,6.627 L10,0 L7.191,6.627 L0,7.244 L5.455,11.971 L3.82,19 L10,15.273 Z\" \/>\n<\/svg>\n<svg class=\"icon icon-fill-base icon-6\" viewBox=\"0 0 20 21\" title=\"full star\">\n\t<path d=\"M10,15.273 L16.18,19 L14.545,11.971 L20,7.244 L12.809,6.627 L10,0 L7.191,6.627 L0,7.244 L5.455,11.971 L3.82,19 L10,15.273 Z\" \/>\n<\/svg>\n<svg class=\"icon icon-fill-base icon-6\" viewBox=\"0 0 20 21\" title=\"half empty star\">\n\t<path d=\"M20,6.744 L12.809,6.127 L10,-0.5 L7.191,6.127 L0,6.744 L5.455,11.471 L3.82,18.5 L10,14.772 L16.18,18.499 L14.545,11.47 L20,6.744 L20,6.744 Z M10,12.896 L10,3.595 L11.71,7.631 L16.09,8.007 L12.768,10.885 L13.764,15.166 L10,12.896 L10,12.896 Z\" \/>\n<\/svg>\n<span class=\"sp-ml-2 text-neutral font-bold\">9\/ 10<\/span><\/span><\/span><\/div><\/a>\n\t\t\t\t<\/li><li class=\"border spinoko_shadow spinoko_rounded spinoko_transition\"\n\t\t\t\t\tdata-id=\"13800\">\n\t\t\t\t\t<a href=\"https:\/\/turbowinx.com\/de\/game\/a-big-catch-review\/\" class=\"block no-underline\"><div class=\"sp-p-2 text-lg font-bold text-body text-center md:text-left\" >A Big Catch<\/div><div class=\"h-64 overflow-hidden\" ><img\n\t\t\tsrc=\"https:\/\/turbowinx.com\/wp-content\/uploads\/2025\/09\/i-2-3.webp\"\n\t\t\talt=\"A Big Catch\"\n            loading=\"lazy\"\n            decoding=\"async\"\n\t\t\tclass=\"block bg-light w-full max-w-full h-full max-h-full\"\/><\/div><div class=\"md:flex items-center justify-between sp-p-2\" ><div class=\"font-bold text-center md:text-left block sp-mb-2 md:sp-mb-0\" ><span class=\"text-neutral font-bold sp-mr-1\" data-str=\"games_grid_software_label\">Software:<\/span><span class=\"text-body\" >Betsoft Gaming<\/span><\/div><span class=\"text-star\" ><span class=\"rating-stars flex items-center justify-center\" data-rating=\"4.45\"><svg class=\"icon icon-fill-base icon-6\" viewBox=\"0 0 20 21\" title=\"full star\">\n\t<path d=\"M10,15.273 L16.18,19 L14.545,11.971 L20,7.244 L12.809,6.627 L10,0 L7.191,6.627 L0,7.244 L5.455,11.971 L3.82,19 L10,15.273 Z\" \/>\n<\/svg>\n<svg class=\"icon icon-fill-base icon-6\" viewBox=\"0 0 20 21\" title=\"full star\">\n\t<path d=\"M10,15.273 L16.18,19 L14.545,11.971 L20,7.244 L12.809,6.627 L10,0 L7.191,6.627 L0,7.244 L5.455,11.971 L3.82,19 L10,15.273 Z\" \/>\n<\/svg>\n<svg class=\"icon icon-fill-base icon-6\" viewBox=\"0 0 20 21\" title=\"full star\">\n\t<path d=\"M10,15.273 L16.18,19 L14.545,11.971 L20,7.244 L12.809,6.627 L10,0 L7.191,6.627 L0,7.244 L5.455,11.971 L3.82,19 L10,15.273 Z\" \/>\n<\/svg>\n<svg class=\"icon icon-fill-base icon-6\" viewBox=\"0 0 20 21\" title=\"full star\">\n\t<path d=\"M10,15.273 L16.18,19 L14.545,11.971 L20,7.244 L12.809,6.627 L10,0 L7.191,6.627 L0,7.244 L5.455,11.971 L3.82,19 L10,15.273 Z\" \/>\n<\/svg>\n<svg class=\"icon icon-fill-base icon-6\" viewBox=\"0 0 20 21\" title=\"half empty star\">\n\t<path d=\"M20,6.744 L12.809,6.127 L10,-0.5 L7.191,6.127 L0,6.744 L5.455,11.471 L3.82,18.5 L10,14.772 L16.18,18.499 L14.545,11.47 L20,6.744 L20,6.744 Z M10,12.896 L10,3.595 L11.71,7.631 L16.09,8.007 L12.768,10.885 L13.764,15.166 L10,12.896 L10,12.896 Z\" \/>\n<\/svg>\n<span class=\"sp-ml-2 text-neutral font-bold\">8.9\/ 10<\/span><\/span><\/span><\/div><\/a>\n\t\t\t\t<\/li><li class=\"items-unavailable sp-mb-8 hidden\">\n\t\t\t\t\t\t\t<p class=\"sp-px-4 sp-py-2 border border-neutral spinoko_rounded spinoko_shadow text-lg font-normal\"\n\t\t\t\t\t\t\t\tdata-str=\"table_filters_nothing_found_text\">\n\t\t\t\t\t\t\t\t Es gibt keine Ergebnisse, die Ihren Kriterien entsprechen.\n\t\t\t\t\t\t\t<\/p>\n\t\t\t\t\t\t<\/li><\/ul><button class=\"load-more-games button-casino button-casino__outline spinoko_rounded spinoko_shadow sp-px-8 sp-ml-auto sp-mt-4\"\n\t\t\t\t\tdata-str=\"games_grid_load_more_button_text\">\n\t\t\t\t\tWeitere Spiele laden\n\t\t\t\t<\/button><\/div>\n\n\n<ul class=\"blog-posts list-none spinoko-recent-posts grid gap-4 md:grid-cols-2 lg:grid-cols-3 sp-mb-4\n\t\">\n\n    <\/ul>\n","protected":false},"excerpt":{"rendered":"<p>Slot-Bewertungen &amp; RTP Die Slot-Bewertungen auf Turbowinx liefern deutschen Spielern detaillierte und vertrauensw\u00fcrdige Informationen zu den beliebtesten Online-Slots. Unser Ziel: Ihnen die wichtigsten Grundlagen jedes Spiels n\u00e4herzubringen \u2013 RTP, Volatilit\u00e4t, Gewinnlinien und Bonus-Features. In unseren Reviews erkl\u00e4ren wir verst\u00e4ndlich, wie Slots funktionieren: Wir stellen au\u00dferdem die Highlights f\u00fchrender Anbieter wie Pragmatic Play, NetEnt, Play\u2019n GO [&hellip;]<\/p>\n","protected":false},"author":1,"featured_media":0,"parent":0,"menu_order":0,"comment_status":"closed","ping_status":"closed","template":"templates\/page-cover.php","meta":{"_acf_changed":false,"footnotes":""},"class_list":["post-13433","page","type-page","status-publish","hentry"],"aioseo_notices":[],"acf":[],"_links":{"self":[{"href":"https:\/\/turbowinx.com\/de\/wp-json\/wp\/v2\/pages\/13433","targetHints":{"allow":["GET"]}}],"collection":[{"href":"https:\/\/turbowinx.com\/de\/wp-json\/wp\/v2\/pages"}],"about":[{"href":"https:\/\/turbowinx.com\/de\/wp-json\/wp\/v2\/types\/page"}],"author":[{"embeddable":true,"href":"https:\/\/turbowinx.com\/de\/wp-json\/wp\/v2\/users\/1"}],"replies":[{"embeddable":true,"href":"https:\/\/turbowinx.com\/de\/wp-json\/wp\/v2\/comments?post=13433"}],"version-history":[{"count":4,"href":"https:\/\/turbowinx.com\/de\/wp-json\/wp\/v2\/pages\/13433\/revisions"}],"predecessor-version":[{"id":13797,"href":"https:\/\/turbowinx.com\/de\/wp-json\/wp\/v2\/pages\/13433\/revisions\/13797"}],"wp:attachment":[{"href":"https:\/\/turbowinx.com\/de\/wp-json\/wp\/v2\/media?parent=13433"}],"curies":[{"name":"wp","href":"https:\/\/api.w.org\/{rel}","templated":true}]}}