{"id":13926,"date":"2025-10-02T07:15:23","date_gmt":"2025-10-02T07:15:23","guid":{"rendered":"https:\/\/turbowinx.com\/contact\/"},"modified":"2025-10-02T07:20:35","modified_gmt":"2025-10-02T07:20:35","slug":"contact","status":"publish","type":"page","link":"https:\/\/turbowinx.com\/de\/contact\/","title":{"rendered":"Kontakt"},"content":{"rendered":"\n<h2 class=\"wp-block-heading\">Kontakt Turbowinx<\/h2>\n\n\n\n<p>WHaben Sie veraltete Bonusbedingungen entdeckt oder m\u00f6chten Sie Verbesserungsvorschl\u00e4ge einreichen? Unser Redaktionsteam pr\u00fcft jede Anfrage und aktualisiert Inhalte, wenn es den Lesern hilft.<\/p>\n\n\n\n<h3 class=\"wp-block-heading\">So erreichen Sie uns<\/h3>\n\n\n\n<p>Schreiben Sie uns eine E-Mail an <a href=\"mailto:info@turbowinx.com\" title=\"\">info@turbowinx.com<\/a>. Bitte geben Sie an:<\/p>\n\n\n\n<ul class=\"wp-block-list\">\n<li>URL der Seite.<\/li>\n\n\n\n<li>Name des Anbieters.<\/li>\n\n\n\n<li>Kurze Problembeschreibung.<\/li>\n<\/ul>\n\n\n\n<h3 class=\"wp-block-heading\">Partnerschaften &amp; Medien<\/h3>\n\n\n\n<p>Bei Affiliate- oder Pressekontakt bitte \u201ePartnerschaft\u201c oder \u201ePresse\u201c im Betreff angeben.<\/p>\n\n\n\n<h3 class=\"wp-block-heading\">Antwortzeit<\/h3>\n\n\n\n<p>Wir antworten in der Regel innerhalb von <strong>24\u201348 Stunden an Werktagen<\/strong>. Sicherheits- und Compliance-Meldungen werden bevorzugt behandelt.<\/p>\n\n\n\n<h3 class=\"wp-block-heading\">Datenschutz<\/h3>\n\n\n\n<p>Ihre Daten werden ausschlie\u00dflich zur Bearbeitung Ihrer Anfrage verwendet.<\/p>\n","protected":false},"excerpt":{"rendered":"<p>Kontakt Turbowinx WHaben Sie veraltete Bonusbedingungen entdeckt oder m\u00f6chten Sie Verbesserungsvorschl\u00e4ge einreichen? Unser Redaktionsteam pr\u00fcft jede Anfrage und aktualisiert Inhalte, wenn es den Lesern hilft. So erreichen Sie uns Schreiben Sie uns eine E-Mail an info@turbowinx.com. Bitte geben Sie an: Partnerschaften &amp; Medien Bei Affiliate- oder Pressekontakt bitte \u201ePartnerschaft\u201c oder \u201ePresse\u201c im Betreff angeben. Antwortzeit [&hellip;]<\/p>\n","protected":false},"author":1,"featured_media":0,"parent":0,"menu_order":0,"comment_status":"closed","ping_status":"closed","template":"templates\/page-cover.php","meta":{"_acf_changed":false,"footnotes":""},"class_list":["post-13926","page","type-page","status-publish","hentry"],"aioseo_notices":[],"acf":[],"_links":{"self":[{"href":"https:\/\/turbowinx.com\/de\/wp-json\/wp\/v2\/pages\/13926","targetHints":{"allow":["GET"]}}],"collection":[{"href":"https:\/\/turbowinx.com\/de\/wp-json\/wp\/v2\/pages"}],"about":[{"href":"https:\/\/turbowinx.com\/de\/wp-json\/wp\/v2\/types\/page"}],"author":[{"embeddable":true,"href":"https:\/\/turbowinx.com\/de\/wp-json\/wp\/v2\/users\/1"}],"replies":[{"embeddable":true,"href":"https:\/\/turbowinx.com\/de\/wp-json\/wp\/v2\/comments?post=13926"}],"version-history":[{"count":1,"href":"https:\/\/turbowinx.com\/de\/wp-json\/wp\/v2\/pages\/13926\/revisions"}],"predecessor-version":[{"id":13933,"href":"https:\/\/turbowinx.com\/de\/wp-json\/wp\/v2\/pages\/13926\/revisions\/13933"}],"wp:attachment":[{"href":"https:\/\/turbowinx.com\/de\/wp-json\/wp\/v2\/media?parent=13926"}],"curies":[{"name":"wp","href":"https:\/\/api.w.org\/{rel}","templated":true}]}}