{"id":13423,"date":"2025-09-16T11:36:20","date_gmt":"2025-09-16T11:36:20","guid":{"rendered":"https:\/\/turbowinx.com\/news\/"},"modified":"2025-10-14T06:12:01","modified_gmt":"2025-10-14T06:12:01","slug":"news","status":"publish","type":"page","link":"https:\/\/turbowinx.com\/fr\/news\/","title":{"rendered":"News"},"content":{"rendered":"\n<p><strong>Bienvenue sur Turbowinx News \u2013 votre guide privil\u00e9gi\u00e9 de l\u2019univers des casinos en ligne et des machines \u00e0 sous<\/strong><\/p>\n\n\n\n<p>Ici, chaque actualit\u00e9 ressemble \u00e0 une r\u00e9v\u00e9lation : un nouveau lancement de slot, un jackpot record ou une \u00e9volution r\u00e9glementaire qui fa\u00e7onnera l\u2019industrie de demain.<\/p>\n\n\n\n<p>Notre mission est simple : vous permettre de garder une longueur d\u2019avance. Des avant-premi\u00e8res exclusives sur les prochains jeux aux analyses d\u00e9taill\u00e9es des promotions, programmes de fid\u00e9lit\u00e9 et strat\u00e9gies de bonus, nous publions des articles qui comptent autant pour les joueurs occasionnels que pour les passionn\u00e9s avertis.<\/p>\n\n\n\n<p>Chaque semaine, vous retrouverez :<\/p>\n\n\n\n<ul class=\"wp-block-list\">\n<li><strong>Nouveaux slots<\/strong> avec explications d\u00e9taill\u00e9es sur le RTP, la volatilit\u00e9 et les fonctionnalit\u00e9s.<\/li>\n\n\n\n<li><strong>Actualit\u00e9s casinos<\/strong> sur les offres, m\u00e9thodes de paiement et mises \u00e0 jour de plateformes.<\/li>\n\n\n\n<li><strong>Analyses du secteur<\/strong> sur la r\u00e9glementation, le jeu responsable et l\u2019avenir de l\u2019iGaming.<\/li>\n\n\n\n<li><strong>Tendances &amp; innovations<\/strong> \u2013 des casinos crypto aux solutions personnalis\u00e9es par IA.<\/li>\n<\/ul>\n\n\n\n<p>Chez <strong>Turbowinx<\/strong>, nous pensons que l\u2019actualit\u00e9 doit aller plus loin qu\u2019une simple information : elle doit inspirer un jeu plus r\u00e9fl\u00e9chi et une meilleure compr\u00e9hension d\u2019un secteur en pleine \u00e9volution. <\/p>\n\n\n\n<p>Restez curieux. Restez inform\u00e9. Gardez une longueur d\u2019avance avec <strong>Turbowinx News<\/strong>.news and online casino updates at Turbowinx. Explore new slot releases, industry trends, regulations, and expert insights.<\/p>\n\n\n\n<ul class=\"blog-posts list-none spinoko-recent-posts grid gap-4 md:grid-cols-2 lg:grid-cols-3 sp-mb-4\n\t\">\n\n    \n<li class=\"flex flex-col bg-body border overflow-hidden spinoko_shadow spinoko_rounded spinoko_transition \">\n\n    <div class=\"thumbnail-wrapper relative flex-center overflow-hidden\">\n        <a href=\"https:\/\/turbowinx.com\/fr\/fiscal-shockwave-europes-igaming-sector-faces-historic-tax-squeeze-in-2026\/\" class=\"w-full h-full overflow-hidden\">\n            <img\n\t\t\tsrc=\"https:\/\/turbowinx.com\/wp-content\/uploads\/2026\/01\/New_regulations_on_online_gambling_taxes-300x164.jpg\"\n\t\t\talt=\"Le pari risqu\u00e9 de la France : une taxe de 55,6 % tuera-t-elle le march\u00e9 des casinos en ligne avant son lancement ?\"\n            loading=\"lazy\"\n            decoding=\"async\"\n\t\t\tclass=\"block sp-mx-auto w-full h-48\"\/>        <\/a>\n    <\/div>\n\n    <h3 class=\"text-2xl font-bold sp-mt-2 sp-px-4\">\n        <a class=\"no-underline text-dark\" href=\"https:\/\/turbowinx.com\/fr\/fiscal-shockwave-europes-igaming-sector-faces-historic-tax-squeeze-in-2026\/\">\n            Le pari risqu\u00e9 de la France : une taxe de 55,6 % tuera-t-elle le march\u00e9 des casinos en ligne avant son lancement ?        <\/a>\n    <\/h3>\n\n    <div class=\"sp-mt-4 sp-px-4 text-dark flex-grow\">\n        Le gouvernement fran\u00e7ais s&rsquo;appr\u00eate enfin \u00e0 l\u00e9galiser les casinos en ligne pour combler un d\u00e9ficit budg\u00e9taire massif. Mais avec un taux d&rsquo;imposition propos\u00e9 de pr\u00e8s de 56 %, les critiques pr\u00e9viennent que le plan ne fera que livrer le march\u00e9 aux op\u00e9rateurs\u2026    <\/div>\n\n    <div class=\"sp-my-4 sp-px-4 flex items-center justify-between text-sm\">\n\t\t<span class=\"flex items-center text-neutral font-bold\">\n\t\t<svg class=\"icon icon-4 sp-mr-1\" xmlns=\"http:\/\/www.w3.org\/2000\/svg\" viewBox=\"0 0 20 20\"><path d=\"M1 4c0-1.1.9-2 2-2h14a2 2 0 0 1 2 2v14a2 2 0 0 1-2 2H3a2 2 0 0 1-2-2V4zm2 2v12h14V6H3zm2-6h2v2H5V0zm8 0h2v2h-2V0zM5 9h2v2H5V9zm0 4h2v2H5v-2zm4-4h2v2H9V9zm0 4h2v2H9v-2zm4-4h2v2h-2V9zm0 4h2v2h-2v-2z\"\/><\/svg>        Jan 05, 2026\t\t<\/span>\n\n        <a href=\"https:\/\/turbowinx.com\/fr\/fiscal-shockwave-europes-igaming-sector-faces-historic-tax-squeeze-in-2026\/\" class=\"flex items-center font-bold no-underline\">\n\t\t\t<span data-str=\"read_more_text\">\n\t\t\t\tLien Lire la suite\t\t\t<\/span>\n            <svg class=\"icon icon-4\" xmlns=\"http:\/\/www.w3.org\/2000\/svg\" viewBox=\"0 0 20 20\"><path d=\"M12.95 10.707l.707-.707L8 4.343 6.586 5.757 10.828 10l-4.242 4.243L8 15.657l4.95-4.95z\"\/><\/svg>        <\/a>\n    <\/div>\n<\/li>\n\n<li class=\"flex flex-col bg-body border overflow-hidden spinoko_shadow spinoko_rounded spinoko_transition \">\n\n    <div class=\"thumbnail-wrapper relative flex-center overflow-hidden\">\n        <a href=\"https:\/\/turbowinx.com\/fr\/regulation-jeux-europe-2025\/\" class=\"w-full h-full overflow-hidden\">\n            <img\n\t\t\tsrc=\"https:\/\/turbowinx.com\/wp-content\/uploads\/2025\/09\/eu-gambling-regulation-2025-300x162.jpg\"\n\t\t\talt=\"Les nouvelles r\u00e9gulations bouleversent le march\u00e9 du jeu en ligne en Europe\"\n            loading=\"lazy\"\n            decoding=\"async\"\n\t\t\tclass=\"block sp-mx-auto w-full h-48\"\/>        <\/a>\n    <\/div>\n\n    <h3 class=\"text-2xl font-bold sp-mt-2 sp-px-4\">\n        <a class=\"no-underline text-dark\" href=\"https:\/\/turbowinx.com\/fr\/regulation-jeux-europe-2025\/\">\n            Les nouvelles r\u00e9gulations bouleversent le march\u00e9 du jeu en ligne en Europe        <\/a>\n    <\/h3>\n\n    <div class=\"sp-mt-4 sp-px-4 text-dark flex-grow\">\n        Le paysage du jeu en ligne europ\u00e9en entre dans une nouvelle \u00e8re. Les r\u00e9centes r\u00e9formes adopt\u00e9es dans plusieurs pays de l\u2019UE redessinent la fa\u00e7on dont les casinos fonctionnent, comment les bonus sont propos\u00e9s et la mani\u00e8re dont les joueurs interagissent avec leurs\u2026    <\/div>\n\n    <div class=\"sp-my-4 sp-px-4 flex items-center justify-between text-sm\">\n\t\t<span class=\"flex items-center text-neutral font-bold\">\n\t\t<svg class=\"icon icon-4 sp-mr-1\" xmlns=\"http:\/\/www.w3.org\/2000\/svg\" viewBox=\"0 0 20 20\"><path d=\"M1 4c0-1.1.9-2 2-2h14a2 2 0 0 1 2 2v14a2 2 0 0 1-2 2H3a2 2 0 0 1-2-2V4zm2 2v12h14V6H3zm2-6h2v2H5V0zm8 0h2v2h-2V0zM5 9h2v2H5V9zm0 4h2v2H5v-2zm4-4h2v2H9V9zm0 4h2v2H9v-2zm4-4h2v2h-2V9zm0 4h2v2h-2v-2z\"\/><\/svg>        Sep 26, 2025\t\t<\/span>\n\n        <a href=\"https:\/\/turbowinx.com\/fr\/regulation-jeux-europe-2025\/\" class=\"flex items-center font-bold no-underline\">\n\t\t\t<span data-str=\"read_more_text\">\n\t\t\t\tLien Lire la suite\t\t\t<\/span>\n            <svg class=\"icon icon-4\" xmlns=\"http:\/\/www.w3.org\/2000\/svg\" viewBox=\"0 0 20 20\"><path d=\"M12.95 10.707l.707-.707L8 4.343 6.586 5.757 10.828 10l-4.242 4.243L8 15.657l4.95-4.95z\"\/><\/svg>        <\/a>\n    <\/div>\n<\/li>\n<\/ul>\n\n\n\n<p><\/p>\n","protected":false},"excerpt":{"rendered":"<p>Bienvenue sur Turbowinx News \u2013 votre guide privil\u00e9gi\u00e9 de l\u2019univers des casinos en ligne et des machines \u00e0 sous Ici, chaque actualit\u00e9 ressemble \u00e0 une r\u00e9v\u00e9lation : un nouveau lancement de slot, un jackpot record ou une \u00e9volution r\u00e9glementaire qui fa\u00e7onnera l\u2019industrie de demain. Notre mission est simple : vous permettre de garder une longueur [&hellip;]<\/p>\n","protected":false},"author":1,"featured_media":0,"parent":0,"menu_order":0,"comment_status":"closed","ping_status":"closed","template":"templates\/page-cover.php","meta":{"_acf_changed":false,"footnotes":""},"class_list":["post-13423","page","type-page","status-publish","hentry"],"aioseo_notices":[],"acf":[],"_links":{"self":[{"href":"https:\/\/turbowinx.com\/fr\/wp-json\/wp\/v2\/pages\/13423","targetHints":{"allow":["GET"]}}],"collection":[{"href":"https:\/\/turbowinx.com\/fr\/wp-json\/wp\/v2\/pages"}],"about":[{"href":"https:\/\/turbowinx.com\/fr\/wp-json\/wp\/v2\/types\/page"}],"author":[{"embeddable":true,"href":"https:\/\/turbowinx.com\/fr\/wp-json\/wp\/v2\/users\/1"}],"replies":[{"embeddable":true,"href":"https:\/\/turbowinx.com\/fr\/wp-json\/wp\/v2\/comments?post=13423"}],"version-history":[{"count":5,"href":"https:\/\/turbowinx.com\/fr\/wp-json\/wp\/v2\/pages\/13423\/revisions"}],"predecessor-version":[{"id":13562,"href":"https:\/\/turbowinx.com\/fr\/wp-json\/wp\/v2\/pages\/13423\/revisions\/13562"}],"wp:attachment":[{"href":"https:\/\/turbowinx.com\/fr\/wp-json\/wp\/v2\/media?parent=13423"}],"curies":[{"name":"wp","href":"https:\/\/api.w.org\/{rel}","templated":true}]}}