{"id":13430,"date":"2025-09-10T06:51:45","date_gmt":"2025-09-10T06:51:45","guid":{"rendered":"https:\/\/turbowinx.com\/guides-strategies\/"},"modified":"2025-10-14T06:07:30","modified_gmt":"2025-10-14T06:07:30","slug":"guides-strategies","status":"publish","type":"page","link":"https:\/\/turbowinx.com\/fr\/guides-strategies\/","title":{"rendered":"Guides &amp; Strat\u00e9gies"},"content":{"rendered":"\n<h2 class=\"wp-block-heading\" id=\"h-casino-guides-amp-strategies-for-smarter-play\"><strong>Guides &amp; Strat\u00e9gies pour Jouer Plus Intelligemment<\/strong><\/h2>\n\n\n\n<p>Les <strong>guides et strat\u00e9gies de Turbowinx<\/strong> sont con\u00e7us pour aider les joueurs \u00e0 prendre de meilleures d\u00e9cisions dans les casinos en ligne. Plut\u00f4t que de compter uniquement sur la chance, nos experts expliquent comment fonctionnent les jeux et quels facteurs sont les plus importants.<\/p>\n\n\n\n<p>Nouveau dans le jeu en ligne ? Commencez par des sujets adapt\u00e9s aux d\u00e9butants : comment choisir un casino s\u00fbr, ce que signifient les licences et comment r\u00e9clamer vos bonus de mani\u00e8re responsable. Pour les amateurs de machines \u00e0 sous, nos strat\u00e9gies d\u00e9taillent des notions cl\u00e9s comme le RTP (taux de retour), la volatilit\u00e9, les lignes de paiement et les fonctionnalit\u00e9s bonus, le tout expliqu\u00e9 simplement.<\/p>\n\n\n\n<p>La gestion de votre bankroll est une autre \u00e9tape essentielle pour jouer intelligemment. Nos guides offrent des conseils pratiques pour fixer des limites, contr\u00f4ler les risques et jouer en toute confiance. Nous insistons \u00e9galement sur le <strong>jeu responsable<\/strong>, afin que le divertissement reste toujours agr\u00e9able.<\/p>\n\n\n\n<p>Que vous d\u00e9couvriez votre premier casino ou que vous cherchiez \u00e0 am\u00e9liorer vos strat\u00e9gies sur les machines \u00e0 sous, <strong>Turbowinx<\/strong> vous propose des conseils clairs, objectifs et pratiques. Plongez dans nos guides d\u00e8s aujourd\u2019hui et d\u00e9couvrez comment jouer plus intelligemment.<\/p>\n\n\n\n<p><\/p>\n\n\n\n<ul class=\"blog-posts list-none spinoko-recent-posts grid gap-4 md:grid-cols-2 lg:grid-cols-3 sp-mb-4\n\t\">\n\n    \n<li class=\"flex flex-col bg-body border overflow-hidden spinoko_shadow spinoko_rounded spinoko_transition \">\n\n    <div class=\"thumbnail-wrapper relative flex-center overflow-hidden\">\n        <a href=\"https:\/\/turbowinx.com\/fr\/crypto-gambling-regulations-europe-2026\/\" class=\"w-full h-full overflow-hidden\">\n            <img\n\t\t\tsrc=\"https:\/\/turbowinx.com\/wp-content\/uploads\/2026\/01\/Crypto_gambling_regulations_in_Europe-300x164.webp\"\n\t\t\talt=\"Crypto Gambling en France : Analyse de la Conformit\u00e9 et Risques 2026\"\n            loading=\"lazy\"\n            decoding=\"async\"\n\t\t\tclass=\"block sp-mx-auto w-full h-48\"\/>        <\/a>\n    <\/div>\n\n    <h3 class=\"text-2xl font-bold sp-mt-2 sp-px-4\">\n        <a class=\"no-underline text-dark\" href=\"https:\/\/turbowinx.com\/fr\/crypto-gambling-regulations-europe-2026\/\">\n            Crypto Gambling en France : Analyse de la Conformit\u00e9 et Risques 2026        <\/a>\n    <\/h3>\n\n    <div class=\"sp-mt-4 sp-px-4 text-dark flex-grow\">\n        Honn\u00eatement, l&rsquo;\u00e8re de la tol\u00e9rance est r\u00e9volue. Si on regarde l&rsquo;ann\u00e9e 2026, l&rsquo;Autorit\u00e9 Nationale des Jeux (ANJ) a techniquement liquid\u00e9 ce qu&rsquo;on appelait la \u00ab\u00a0zone\u2026    <\/div>\n\n    <div class=\"sp-my-4 sp-px-4 flex items-center justify-between text-sm\">\n\t\t<span class=\"flex items-center text-neutral font-bold\">\n\t\t<svg class=\"icon icon-4 sp-mr-1\" xmlns=\"http:\/\/www.w3.org\/2000\/svg\" viewBox=\"0 0 20 20\"><path d=\"M1 4c0-1.1.9-2 2-2h14a2 2 0 0 1 2 2v14a2 2 0 0 1-2 2H3a2 2 0 0 1-2-2V4zm2 2v12h14V6H3zm2-6h2v2H5V0zm8 0h2v2h-2V0zM5 9h2v2H5V9zm0 4h2v2H5v-2zm4-4h2v2H9V9zm0 4h2v2H9v-2zm4-4h2v2h-2V9zm0 4h2v2h-2v-2z\"\/><\/svg>        Jan 08, 2026\t\t<\/span>\n\n        <a href=\"https:\/\/turbowinx.com\/fr\/crypto-gambling-regulations-europe-2026\/\" class=\"flex items-center font-bold no-underline\">\n\t\t\t<span data-str=\"read_more_text\">\n\t\t\t\tLien Lire la suite\t\t\t<\/span>\n            <svg class=\"icon icon-4\" xmlns=\"http:\/\/www.w3.org\/2000\/svg\" viewBox=\"0 0 20 20\"><path d=\"M12.95 10.707l.707-.707L8 4.343 6.586 5.757 10.828 10l-4.242 4.243L8 15.657l4.95-4.95z\"\/><\/svg>        <\/a>\n    <\/div>\n<\/li>\n\n<li class=\"flex flex-col bg-body border overflow-hidden spinoko_shadow spinoko_rounded spinoko_transition \">\n\n    <div class=\"thumbnail-wrapper relative flex-center overflow-hidden\">\n        <a href=\"https:\/\/turbowinx.com\/fr\/how-to-register-casino\/\" class=\"w-full h-full overflow-hidden\">\n            <img\n\t\t\tsrc=\"https:\/\/turbowinx.com\/wp-content\/uploads\/2026\/01\/Step-by-Step_How_to_Register_at_Your_First_Casino-300x164.jpg\"\n\t\t\talt=\"Guide \u00c9tape par \u00c9tape : S&rsquo;inscrire sur son Premier Site de Jeux en Ligne\"\n            loading=\"lazy\"\n            decoding=\"async\"\n\t\t\tclass=\"block sp-mx-auto w-full h-48\"\/>        <\/a>\n    <\/div>\n\n    <h3 class=\"text-2xl font-bold sp-mt-2 sp-px-4\">\n        <a class=\"no-underline text-dark\" href=\"https:\/\/turbowinx.com\/fr\/how-to-register-casino\/\">\n            Guide \u00c9tape par \u00c9tape : S&rsquo;inscrire sur son Premier Site de Jeux en Ligne        <\/a>\n    <\/h3>\n\n    <div class=\"sp-mt-4 sp-px-4 text-dark flex-grow\">\n        Soyons honn\u00eates : l&rsquo;inscription sur un site de jeux d&rsquo;argent peut sembler intimidante. Vous vous appr\u00eatez \u00e0 confier vos donn\u00e9es personnelles et bancaires \u00e0 un\u2026    <\/div>\n\n    <div class=\"sp-my-4 sp-px-4 flex items-center justify-between text-sm\">\n\t\t<span class=\"flex items-center text-neutral font-bold\">\n\t\t<svg class=\"icon icon-4 sp-mr-1\" xmlns=\"http:\/\/www.w3.org\/2000\/svg\" viewBox=\"0 0 20 20\"><path d=\"M1 4c0-1.1.9-2 2-2h14a2 2 0 0 1 2 2v14a2 2 0 0 1-2 2H3a2 2 0 0 1-2-2V4zm2 2v12h14V6H3zm2-6h2v2H5V0zm8 0h2v2h-2V0zM5 9h2v2H5V9zm0 4h2v2H5v-2zm4-4h2v2H9V9zm0 4h2v2H9v-2zm4-4h2v2h-2V9zm0 4h2v2h-2v-2z\"\/><\/svg>        Jan 05, 2026\t\t<\/span>\n\n        <a href=\"https:\/\/turbowinx.com\/fr\/how-to-register-casino\/\" class=\"flex items-center font-bold no-underline\">\n\t\t\t<span data-str=\"read_more_text\">\n\t\t\t\tLien Lire la suite\t\t\t<\/span>\n            <svg class=\"icon icon-4\" xmlns=\"http:\/\/www.w3.org\/2000\/svg\" viewBox=\"0 0 20 20\"><path d=\"M12.95 10.707l.707-.707L8 4.343 6.586 5.757 10.828 10l-4.242 4.243L8 15.657l4.95-4.95z\"\/><\/svg>        <\/a>\n    <\/div>\n<\/li>\n\n<li class=\"flex flex-col bg-body border overflow-hidden spinoko_shadow spinoko_rounded spinoko_transition \">\n\n    <div class=\"thumbnail-wrapper relative flex-center overflow-hidden\">\n        <a href=\"https:\/\/turbowinx.com\/fr\/wagering-requirements-explained\/\" class=\"w-full h-full overflow-hidden\">\n            <img\n\t\t\tsrc=\"https:\/\/turbowinx.com\/wp-content\/uploads\/2026\/01\/What_Are_Wagering_Requirements_and_How_Do_They_Work-300x164.jpg\"\n\t\t\talt=\"Les Exigences de Mise  Expliqu\u00e9es Simplement aux Joueurs\"\n            loading=\"lazy\"\n            decoding=\"async\"\n\t\t\tclass=\"block sp-mx-auto w-full h-48\"\/>        <\/a>\n    <\/div>\n\n    <h3 class=\"text-2xl font-bold sp-mt-2 sp-px-4\">\n        <a class=\"no-underline text-dark\" href=\"https:\/\/turbowinx.com\/fr\/wagering-requirements-explained\/\">\n            Les Exigences de Mise  Expliqu\u00e9es Simplement aux Joueurs        <\/a>\n    <\/h3>\n\n    <div class=\"sp-mt-4 sp-px-4 text-dark flex-grow\">\n        Vous avez s\u00fbrement d\u00e9j\u00e0 vu ces banni\u00e8res clignotantes en naviguant sur le web : \u00ab\u00a0200 % de bonus sur d\u00e9p\u00f4t !\u00a0\u00bb ou \u00ab\u00a0200 Tours Gratuits\u2026    <\/div>\n\n    <div class=\"sp-my-4 sp-px-4 flex items-center justify-between text-sm\">\n\t\t<span class=\"flex items-center text-neutral font-bold\">\n\t\t<svg class=\"icon icon-4 sp-mr-1\" xmlns=\"http:\/\/www.w3.org\/2000\/svg\" viewBox=\"0 0 20 20\"><path d=\"M1 4c0-1.1.9-2 2-2h14a2 2 0 0 1 2 2v14a2 2 0 0 1-2 2H3a2 2 0 0 1-2-2V4zm2 2v12h14V6H3zm2-6h2v2H5V0zm8 0h2v2h-2V0zM5 9h2v2H5V9zm0 4h2v2H5v-2zm4-4h2v2H9V9zm0 4h2v2H9v-2zm4-4h2v2h-2V9zm0 4h2v2h-2v-2z\"\/><\/svg>        Jan 02, 2026\t\t<\/span>\n\n        <a href=\"https:\/\/turbowinx.com\/fr\/wagering-requirements-explained\/\" class=\"flex items-center font-bold no-underline\">\n\t\t\t<span data-str=\"read_more_text\">\n\t\t\t\tLien Lire la suite\t\t\t<\/span>\n            <svg class=\"icon icon-4\" xmlns=\"http:\/\/www.w3.org\/2000\/svg\" viewBox=\"0 0 20 20\"><path d=\"M12.95 10.707l.707-.707L8 4.343 6.586 5.757 10.828 10l-4.242 4.243L8 15.657l4.95-4.95z\"\/><\/svg>        <\/a>\n    <\/div>\n<\/li>\n\n<li class=\"flex flex-col bg-body border overflow-hidden spinoko_shadow spinoko_rounded spinoko_transition \">\n\n    <div class=\"thumbnail-wrapper relative flex-center overflow-hidden\">\n        <a href=\"https:\/\/turbowinx.com\/fr\/casino-licenses-explained\/\" class=\"w-full h-full overflow-hidden\">\n            <img\n\t\t\tsrc=\"https:\/\/turbowinx.com\/wp-content\/uploads\/2026\/01\/Casino_Licenses_Explained_for_Beginners.jpeg\"\n\t\t\talt=\"Licences de Casino : Soit tu v\u00e9rifies le footer, soit tu te fais plumer. Le guide cash.\"\n            loading=\"lazy\"\n            decoding=\"async\"\n\t\t\tclass=\"block sp-mx-auto w-full h-48\"\/>        <\/a>\n    <\/div>\n\n    <h3 class=\"text-2xl font-bold sp-mt-2 sp-px-4\">\n        <a class=\"no-underline text-dark\" href=\"https:\/\/turbowinx.com\/fr\/casino-licenses-explained\/\">\n            Licences de Casino : Soit tu v\u00e9rifies le footer, soit tu te fais plumer. Le guide cash.        <\/a>\n    <\/h3>\n\n    <div class=\"sp-mt-4 sp-px-4 text-dark flex-grow\">\n        Soyons honn\u00eates deux minutes : quand vous d\u00e9barquez sur un casino en ligne, est-ce que vous prenez vraiment le temps de scroller tout en bas\u2026    <\/div>\n\n    <div class=\"sp-my-4 sp-px-4 flex items-center justify-between text-sm\">\n\t\t<span class=\"flex items-center text-neutral font-bold\">\n\t\t<svg class=\"icon icon-4 sp-mr-1\" xmlns=\"http:\/\/www.w3.org\/2000\/svg\" viewBox=\"0 0 20 20\"><path d=\"M1 4c0-1.1.9-2 2-2h14a2 2 0 0 1 2 2v14a2 2 0 0 1-2 2H3a2 2 0 0 1-2-2V4zm2 2v12h14V6H3zm2-6h2v2H5V0zm8 0h2v2h-2V0zM5 9h2v2H5V9zm0 4h2v2H5v-2zm4-4h2v2H9V9zm0 4h2v2H9v-2zm4-4h2v2h-2V9zm0 4h2v2h-2v-2z\"\/><\/svg>        Jan 02, 2026\t\t<\/span>\n\n        <a href=\"https:\/\/turbowinx.com\/fr\/casino-licenses-explained\/\" class=\"flex items-center font-bold no-underline\">\n\t\t\t<span data-str=\"read_more_text\">\n\t\t\t\tLien Lire la suite\t\t\t<\/span>\n            <svg class=\"icon icon-4\" xmlns=\"http:\/\/www.w3.org\/2000\/svg\" viewBox=\"0 0 20 20\"><path d=\"M12.95 10.707l.707-.707L8 4.343 6.586 5.757 10.828 10l-4.242 4.243L8 15.657l4.95-4.95z\"\/><\/svg>        <\/a>\n    <\/div>\n<\/li>\n\n<li class=\"flex flex-col bg-body border overflow-hidden spinoko_shadow spinoko_rounded spinoko_transition \">\n\n    <div class=\"thumbnail-wrapper relative flex-center overflow-hidden\">\n        <a href=\"https:\/\/turbowinx.com\/fr\/how-to-win-at-gonzos-quest\/\" class=\"w-full h-full overflow-hidden\">\n            <img\n\t\t\tsrc=\"https:\/\/turbowinx.com\/wp-content\/uploads\/2025\/11\/gonzos-quest-slot-netent-300x196.webp\"\n\t\t\talt=\"Comment gagner \u00e0 Gonzo\u2019s Quest : Strat\u00e9gie plus intelligente, RTP et Chutes Libres\"\n            loading=\"lazy\"\n            decoding=\"async\"\n\t\t\tclass=\"block sp-mx-auto w-full h-48\"\/>        <\/a>\n    <\/div>\n\n    <h3 class=\"text-2xl font-bold sp-mt-2 sp-px-4\">\n        <a class=\"no-underline text-dark\" href=\"https:\/\/turbowinx.com\/fr\/how-to-win-at-gonzos-quest\/\">\n            Comment gagner \u00e0 Gonzo\u2019s Quest : Strat\u00e9gie plus intelligente, RTP et Chutes Libres        <\/a>\n    <\/h3>\n\n    <div class=\"sp-mt-4 sp-px-4 text-dark flex-grow\">\n        S\u2019embarquer dans une aventure dans le monde des machines \u00e0 sous en ligne signifie souvent rechercher non seulement le frisson du tour, mais aussi une\u2026    <\/div>\n\n    <div class=\"sp-my-4 sp-px-4 flex items-center justify-between text-sm\">\n\t\t<span class=\"flex items-center text-neutral font-bold\">\n\t\t<svg class=\"icon icon-4 sp-mr-1\" xmlns=\"http:\/\/www.w3.org\/2000\/svg\" viewBox=\"0 0 20 20\"><path d=\"M1 4c0-1.1.9-2 2-2h14a2 2 0 0 1 2 2v14a2 2 0 0 1-2 2H3a2 2 0 0 1-2-2V4zm2 2v12h14V6H3zm2-6h2v2H5V0zm8 0h2v2h-2V0zM5 9h2v2H5V9zm0 4h2v2H5v-2zm4-4h2v2H9V9zm0 4h2v2H9v-2zm4-4h2v2h-2V9zm0 4h2v2h-2v-2z\"\/><\/svg>        Nov 06, 2025\t\t<\/span>\n\n        <a href=\"https:\/\/turbowinx.com\/fr\/how-to-win-at-gonzos-quest\/\" class=\"flex items-center font-bold no-underline\">\n\t\t\t<span data-str=\"read_more_text\">\n\t\t\t\tLien Lire la suite\t\t\t<\/span>\n            <svg class=\"icon icon-4\" xmlns=\"http:\/\/www.w3.org\/2000\/svg\" viewBox=\"0 0 20 20\"><path d=\"M12.95 10.707l.707-.707L8 4.343 6.586 5.757 10.828 10l-4.242 4.243L8 15.657l4.95-4.95z\"\/><\/svg>        <\/a>\n    <\/div>\n<\/li>\n\n<li class=\"flex flex-col bg-body border overflow-hidden spinoko_shadow spinoko_rounded spinoko_transition \">\n\n    <div class=\"thumbnail-wrapper relative flex-center overflow-hidden\">\n        <a href=\"https:\/\/turbowinx.com\/fr\/how-to-win-at-big-bass-bonanza\/\" class=\"w-full h-full overflow-hidden\">\n            <img\n\t\t\tsrc=\"https:\/\/turbowinx.com\/wp-content\/uploads\/2025\/10\/i-300x169.webp\"\n\t\t\talt=\"Comment gagner \u00e0 Big Bass Bonanza : Strat\u00e9gie plus intelligente, RTP et Tours Gratuits\"\n            loading=\"lazy\"\n            decoding=\"async\"\n\t\t\tclass=\"block sp-mx-auto w-full h-48\"\/>        <\/a>\n    <\/div>\n\n    <h3 class=\"text-2xl font-bold sp-mt-2 sp-px-4\">\n        <a class=\"no-underline text-dark\" href=\"https:\/\/turbowinx.com\/fr\/how-to-win-at-big-bass-bonanza\/\">\n            Comment gagner \u00e0 Big Bass Bonanza : Strat\u00e9gie plus intelligente, RTP et Tours Gratuits        <\/a>\n    <\/h3>\n\n    <div class=\"sp-mt-4 sp-px-4 text-dark flex-grow\">\n        Introduction Dans le vaste oc\u00e9an des jeux de machines \u00e0 sous en ligne, les joueurs recherchent constamment non seulement le divertissement palpitant, mais aussi une\u2026    <\/div>\n\n    <div class=\"sp-my-4 sp-px-4 flex items-center justify-between text-sm\">\n\t\t<span class=\"flex items-center text-neutral font-bold\">\n\t\t<svg class=\"icon icon-4 sp-mr-1\" xmlns=\"http:\/\/www.w3.org\/2000\/svg\" viewBox=\"0 0 20 20\"><path d=\"M1 4c0-1.1.9-2 2-2h14a2 2 0 0 1 2 2v14a2 2 0 0 1-2 2H3a2 2 0 0 1-2-2V4zm2 2v12h14V6H3zm2-6h2v2H5V0zm8 0h2v2h-2V0zM5 9h2v2H5V9zm0 4h2v2H5v-2zm4-4h2v2H9V9zm0 4h2v2H9v-2zm4-4h2v2h-2V9zm0 4h2v2h-2v-2z\"\/><\/svg>        Oct 16, 2025\t\t<\/span>\n\n        <a href=\"https:\/\/turbowinx.com\/fr\/how-to-win-at-big-bass-bonanza\/\" class=\"flex items-center font-bold no-underline\">\n\t\t\t<span data-str=\"read_more_text\">\n\t\t\t\tLien Lire la suite\t\t\t<\/span>\n            <svg class=\"icon icon-4\" xmlns=\"http:\/\/www.w3.org\/2000\/svg\" viewBox=\"0 0 20 20\"><path d=\"M12.95 10.707l.707-.707L8 4.343 6.586 5.757 10.828 10l-4.242 4.243L8 15.657l4.95-4.95z\"\/><\/svg>        <\/a>\n    <\/div>\n<\/li>\n\n<li class=\"flex flex-col bg-body border overflow-hidden spinoko_shadow spinoko_rounded spinoko_transition \">\n\n    <div class=\"thumbnail-wrapper relative flex-center overflow-hidden\">\n        <a href=\"https:\/\/turbowinx.com\/fr\/how-to-win-at-starburst\/\" class=\"w-full h-full overflow-hidden\">\n            <img\n\t\t\tsrc=\"https:\/\/turbowinx.com\/wp-content\/uploads\/2025\/10\/how-to-win-at-starburst-300x169.webp\"\n\t\t\talt=\"Comment gagner \u00e0 Starburst : Strat\u00e9gie plus intelligente, RTP et Tours Gratuits\"\n            loading=\"lazy\"\n            decoding=\"async\"\n\t\t\tclass=\"block sp-mx-auto w-full h-48\"\/>        <\/a>\n    <\/div>\n\n    <h3 class=\"text-2xl font-bold sp-mt-2 sp-px-4\">\n        <a class=\"no-underline text-dark\" href=\"https:\/\/turbowinx.com\/fr\/how-to-win-at-starburst\/\">\n            Comment gagner \u00e0 Starburst : Strat\u00e9gie plus intelligente, RTP et Tours Gratuits        <\/a>\n    <\/h3>\n\n    <div class=\"sp-mt-4 sp-px-4 text-dark flex-grow\">\n        Introduction Dans le monde dynamique des machines \u00e0 sous en ligne, les joueurs recherchent souvent non seulement le divertissement, mais aussi un sentiment de contr\u00f4le\u2026    <\/div>\n\n    <div class=\"sp-my-4 sp-px-4 flex items-center justify-between text-sm\">\n\t\t<span class=\"flex items-center text-neutral font-bold\">\n\t\t<svg class=\"icon icon-4 sp-mr-1\" xmlns=\"http:\/\/www.w3.org\/2000\/svg\" viewBox=\"0 0 20 20\"><path d=\"M1 4c0-1.1.9-2 2-2h14a2 2 0 0 1 2 2v14a2 2 0 0 1-2 2H3a2 2 0 0 1-2-2V4zm2 2v12h14V6H3zm2-6h2v2H5V0zm8 0h2v2h-2V0zM5 9h2v2H5V9zm0 4h2v2H5v-2zm4-4h2v2H9V9zm0 4h2v2H9v-2zm4-4h2v2h-2V9zm0 4h2v2h-2v-2z\"\/><\/svg>        Oct 14, 2025\t\t<\/span>\n\n        <a href=\"https:\/\/turbowinx.com\/fr\/how-to-win-at-starburst\/\" class=\"flex items-center font-bold no-underline\">\n\t\t\t<span data-str=\"read_more_text\">\n\t\t\t\tLien Lire la suite\t\t\t<\/span>\n            <svg class=\"icon icon-4\" xmlns=\"http:\/\/www.w3.org\/2000\/svg\" viewBox=\"0 0 20 20\"><path d=\"M12.95 10.707l.707-.707L8 4.343 6.586 5.757 10.828 10l-4.242 4.243L8 15.657l4.95-4.95z\"\/><\/svg>        <\/a>\n    <\/div>\n<\/li>\n\n<li class=\"flex flex-col bg-body border overflow-hidden spinoko_shadow spinoko_rounded spinoko_transition \">\n\n    <div class=\"thumbnail-wrapper relative flex-center overflow-hidden\">\n        <a href=\"https:\/\/turbowinx.com\/fr\/how-to-win-at-sweet-bonanza\/\" class=\"w-full h-full overflow-hidden\">\n            <img\n\t\t\tsrc=\"https:\/\/turbowinx.com\/wp-content\/uploads\/2025\/09\/How_to_win_at_sweet_bonanza-300x169.webp\"\n\t\t\talt=\"Comment gagner \u00e0 Sweet Bonanza : Strat\u00e9gie, RTP &amp; Tours gratuits\"\n            loading=\"lazy\"\n            decoding=\"async\"\n\t\t\tclass=\"block sp-mx-auto w-full h-48\"\/>        <\/a>\n    <\/div>\n\n    <h3 class=\"text-2xl font-bold sp-mt-2 sp-px-4\">\n        <a class=\"no-underline text-dark\" href=\"https:\/\/turbowinx.com\/fr\/how-to-win-at-sweet-bonanza\/\">\n            Comment gagner \u00e0 Sweet Bonanza : Strat\u00e9gie, RTP &amp; Tours gratuits        <\/a>\n    <\/h3>\n\n    <div class=\"sp-mt-4 sp-px-4 text-dark flex-grow\">\n        Introduction Pour de nombreux joueurs fran\u00e7ais, Sweet Bonanza est bien plus qu\u2019un simple slot color\u00e9. Son rythme rapide, ses multiplicateurs spectaculaires et ses tours gratuits\u2026    <\/div>\n\n    <div class=\"sp-my-4 sp-px-4 flex items-center justify-between text-sm\">\n\t\t<span class=\"flex items-center text-neutral font-bold\">\n\t\t<svg class=\"icon icon-4 sp-mr-1\" xmlns=\"http:\/\/www.w3.org\/2000\/svg\" viewBox=\"0 0 20 20\"><path d=\"M1 4c0-1.1.9-2 2-2h14a2 2 0 0 1 2 2v14a2 2 0 0 1-2 2H3a2 2 0 0 1-2-2V4zm2 2v12h14V6H3zm2-6h2v2H5V0zm8 0h2v2h-2V0zM5 9h2v2H5V9zm0 4h2v2H5v-2zm4-4h2v2H9V9zm0 4h2v2H9v-2zm4-4h2v2h-2V9zm0 4h2v2h-2v-2z\"\/><\/svg>        Sep 30, 2025\t\t<\/span>\n\n        <a href=\"https:\/\/turbowinx.com\/fr\/how-to-win-at-sweet-bonanza\/\" class=\"flex items-center font-bold no-underline\">\n\t\t\t<span data-str=\"read_more_text\">\n\t\t\t\tLien Lire la suite\t\t\t<\/span>\n            <svg class=\"icon icon-4\" xmlns=\"http:\/\/www.w3.org\/2000\/svg\" viewBox=\"0 0 20 20\"><path d=\"M12.95 10.707l.707-.707L8 4.343 6.586 5.757 10.828 10l-4.242 4.243L8 15.657l4.95-4.95z\"\/><\/svg>        <\/a>\n    <\/div>\n<\/li>\n<\/ul>\n","protected":false},"excerpt":{"rendered":"<p>Guides &amp; Strat\u00e9gies pour Jouer Plus Intelligemment Les guides et strat\u00e9gies de Turbowinx sont con\u00e7us pour aider les joueurs \u00e0 prendre de meilleures d\u00e9cisions dans les casinos en ligne. Plut\u00f4t que de compter uniquement sur la chance, nos experts expliquent comment fonctionnent les jeux et quels facteurs sont les plus importants. Nouveau dans le jeu [&hellip;]<\/p>\n","protected":false},"author":1,"featured_media":0,"parent":0,"menu_order":0,"comment_status":"closed","ping_status":"closed","template":"templates\/page-cover.php","meta":{"_acf_changed":false,"footnotes":""},"class_list":["post-13430","page","type-page","status-publish","hentry"],"aioseo_notices":[],"acf":[],"_links":{"self":[{"href":"https:\/\/turbowinx.com\/fr\/wp-json\/wp\/v2\/pages\/13430","targetHints":{"allow":["GET"]}}],"collection":[{"href":"https:\/\/turbowinx.com\/fr\/wp-json\/wp\/v2\/pages"}],"about":[{"href":"https:\/\/turbowinx.com\/fr\/wp-json\/wp\/v2\/types\/page"}],"author":[{"embeddable":true,"href":"https:\/\/turbowinx.com\/fr\/wp-json\/wp\/v2\/users\/1"}],"replies":[{"embeddable":true,"href":"https:\/\/turbowinx.com\/fr\/wp-json\/wp\/v2\/comments?post=13430"}],"version-history":[{"count":2,"href":"https:\/\/turbowinx.com\/fr\/wp-json\/wp\/v2\/pages\/13430\/revisions"}],"predecessor-version":[{"id":13560,"href":"https:\/\/turbowinx.com\/fr\/wp-json\/wp\/v2\/pages\/13430\/revisions\/13560"}],"wp:attachment":[{"href":"https:\/\/turbowinx.com\/fr\/wp-json\/wp\/v2\/media?parent=13430"}],"curies":[{"name":"wp","href":"https:\/\/api.w.org\/{rel}","templated":true}]}}