{"id":13432,"date":"2025-09-10T07:34:57","date_gmt":"2025-09-10T07:34:57","guid":{"rendered":"https:\/\/turbowinx.com\/slot-games\/"},"modified":"2025-10-14T06:11:37","modified_gmt":"2025-10-14T06:11:37","slug":"slot-games","status":"publish","type":"page","link":"https:\/\/turbowinx.com\/fr\/slot-games\/","title":{"rendered":"Machines \u00e0 sous"},"content":{"rendered":"\n<h1 class=\"wp-block-heading\" id=\"h-online-slot-games-reviews-amp-rtp\"><strong>Avis sur les Machines \u00e0 Sous en Ligne &amp; RTP<\/strong><\/h1>\n\n\n\n<p><strong>Slot Games on Turbowinx<\/strong> bring you detailed and trusted reviews of the most popular online slots. Our mission is to help players Les <strong>machines \u00e0 sous sur Turbowinx<\/strong> font l\u2019objet d\u2019avis d\u00e9taill\u00e9s et fiables sur les jeux les plus populaires du moment. Notre mission est d\u2019aider les joueurs \u00e0 comprendre l\u2019essentiel de chaque slot avant de jouer : <strong>RTP, volatilit\u00e9, lignes de paiement et fonctionnalit\u00e9s bonus<\/strong>.<\/p>\n\n\n\n<p>Dans nos tests, vous trouverez des explications claires sur le fonctionnement des machines \u00e0 sous :<\/p>\n\n\n\n<ul class=\"wp-block-list\">\n<li><strong>RTP (taux de retour)<\/strong> \u2013 pourcentage th\u00e9orique revers\u00e9 aux joueurs.<\/li>\n\n\n\n<li><strong>Volatilit\u00e9<\/strong> \u2013 fr\u00e9quence et taille des gains potentiels.<\/li>\n\n\n\n<li><strong>Lignes de paiement et m\u00e9caniques<\/strong> (incluant Megaways et Cluster Pays) \u2013 pour comprendre comment se forment les combinaisons.<\/li>\n\n\n\n<li><strong>Fonctionnalit\u00e9s bonus<\/strong> comme les tours gratuits, multiplicateurs et jackpots \u2013 qui rendent le jeu plus palpitant.<\/li>\n<\/ul>\n\n\n\n<p>Nous mettons \u00e9galement en avant les cr\u00e9ations des plus grands \u00e9diteurs comme <strong>Pragmatic Play, NetEnt, Play\u2019n GO et Microgaming<\/strong>, avec leurs sorties majeures et leurs innovations.<\/p>\n\n\n\n<p>Des machines \u00e0 fruits classiques aux vid\u00e9os modernes remplies d\u2019animations et de bonus, nos avis vous offrent une vision compl\u00e8te de ce qui vous attend.<\/p>\n\n\n\n<p>Avec <strong>Turbowinx<\/strong>, vous disposez toujours d\u2019analyses claires et objectives pour choisir vos jeux en toute confiance.<\/p>\n\n\n<div class=\"games-grid-wrapper sp-mb-8 \" data-listing-id=\"V5xfcPWbxoKk9pl6\"><ul class=\"games-grid list-none grid gap-4 md:grid-cols-2\" data-page=\"1\"\n\t\t\t\tdata-per-page=\"-1\"\n                data-category-id=\"465\"\n\t\t\t\tdata-total=\"5\"\n\t\t\t\tdata-style=\"1\"><li class=\"border spinoko_shadow spinoko_rounded spinoko_transition\"\n\t\t\t\t\tdata-id=\"14349\">\n\t\t\t\t\t<a href=\"https:\/\/turbowinx.com\/fr\/game\/gonzos-quest-review\/\" class=\"block no-underline\"><div class=\"sp-p-2 text-lg font-bold text-body text-center md:text-left\" >Gonzo\u2019s Quest<\/div><div class=\"h-64 overflow-hidden\" ><img\n\t\t\tsrc=\"https:\/\/turbowinx.com\/wp-content\/uploads\/2025\/11\/Gonzo_Quest.webp\"\n\t\t\talt=\"Gonzo\u2019s Quest\"\n            loading=\"lazy\"\n            decoding=\"async\"\n\t\t\tclass=\"block bg-light w-full max-w-full h-full max-h-full\"\/><\/div><div class=\"md:flex items-center justify-between sp-p-2\" ><div class=\"font-bold text-center md:text-left block sp-mb-2 md:sp-mb-0\" ><span class=\"text-neutral font-bold sp-mr-1\" data-str=\"games_grid_software_label\">Logiciel :<\/span><span class=\"text-body\" >NetEnt<\/span><\/div><span class=\"text-star\" ><span class=\"rating-stars flex items-center justify-center\" data-rating=\"4.75\"><svg class=\"icon icon-fill-base icon-6\" viewBox=\"0 0 20 21\" title=\"full star\">\n\t<path d=\"M10,15.273 L16.18,19 L14.545,11.971 L20,7.244 L12.809,6.627 L10,0 L7.191,6.627 L0,7.244 L5.455,11.971 L3.82,19 L10,15.273 Z\" \/>\n<\/svg>\n<svg class=\"icon icon-fill-base icon-6\" viewBox=\"0 0 20 21\" title=\"full star\">\n\t<path d=\"M10,15.273 L16.18,19 L14.545,11.971 L20,7.244 L12.809,6.627 L10,0 L7.191,6.627 L0,7.244 L5.455,11.971 L3.82,19 L10,15.273 Z\" \/>\n<\/svg>\n<svg class=\"icon icon-fill-base icon-6\" viewBox=\"0 0 20 21\" title=\"full star\">\n\t<path d=\"M10,15.273 L16.18,19 L14.545,11.971 L20,7.244 L12.809,6.627 L10,0 L7.191,6.627 L0,7.244 L5.455,11.971 L3.82,19 L10,15.273 Z\" \/>\n<\/svg>\n<svg class=\"icon icon-fill-base icon-6\" viewBox=\"0 0 20 21\" title=\"full star\">\n\t<path d=\"M10,15.273 L16.18,19 L14.545,11.971 L20,7.244 L12.809,6.627 L10,0 L7.191,6.627 L0,7.244 L5.455,11.971 L3.82,19 L10,15.273 Z\" \/>\n<\/svg>\n<svg class=\"icon icon-fill-base icon-6\" viewBox=\"0 0 20 21\" title=\"half empty star\">\n\t<path d=\"M20,6.744 L12.809,6.127 L10,-0.5 L7.191,6.127 L0,6.744 L5.455,11.471 L3.82,18.5 L10,14.772 L16.18,18.499 L14.545,11.47 L20,6.744 L20,6.744 Z M10,12.896 L10,3.595 L11.71,7.631 L16.09,8.007 L12.768,10.885 L13.764,15.166 L10,12.896 L10,12.896 Z\" \/>\n<\/svg>\n<span class=\"sp-ml-2 text-neutral font-bold\">9.5\/ 10<\/span><\/span><\/span><\/div><\/a>\n\t\t\t\t<\/li><li class=\"border spinoko_shadow spinoko_rounded spinoko_transition\"\n\t\t\t\t\tdata-id=\"14217\">\n\t\t\t\t\t<a href=\"https:\/\/turbowinx.com\/fr\/game\/big-bass-bonanza-review\/\" class=\"block no-underline\"><div class=\"sp-p-2 text-lg font-bold text-body text-center md:text-left\" >Big Bass Bonanza<\/div><div class=\"h-64 overflow-hidden\" ><img\n\t\t\tsrc=\"https:\/\/turbowinx.com\/wp-content\/uploads\/2025\/10\/Big_Bass_Bonanza-1.webp\"\n\t\t\talt=\"Big Bass Bonanza\"\n            loading=\"lazy\"\n            decoding=\"async\"\n\t\t\tclass=\"block bg-light w-full max-w-full h-full max-h-full\"\/><\/div><div class=\"md:flex items-center justify-between sp-p-2\" ><div class=\"font-bold text-center md:text-left block sp-mb-2 md:sp-mb-0\" ><span class=\"text-neutral font-bold sp-mr-1\" data-str=\"games_grid_software_label\">Logiciel :<\/span><span class=\"text-body\" >Pragmatic Play<\/span><\/div><span class=\"text-star\" ><span class=\"rating-stars flex items-center justify-center\" data-rating=\"4.5\"><svg class=\"icon icon-fill-base icon-6\" viewBox=\"0 0 20 21\" title=\"full star\">\n\t<path d=\"M10,15.273 L16.18,19 L14.545,11.971 L20,7.244 L12.809,6.627 L10,0 L7.191,6.627 L0,7.244 L5.455,11.971 L3.82,19 L10,15.273 Z\" \/>\n<\/svg>\n<svg class=\"icon icon-fill-base icon-6\" viewBox=\"0 0 20 21\" title=\"full star\">\n\t<path d=\"M10,15.273 L16.18,19 L14.545,11.971 L20,7.244 L12.809,6.627 L10,0 L7.191,6.627 L0,7.244 L5.455,11.971 L3.82,19 L10,15.273 Z\" \/>\n<\/svg>\n<svg class=\"icon icon-fill-base icon-6\" viewBox=\"0 0 20 21\" title=\"full star\">\n\t<path d=\"M10,15.273 L16.18,19 L14.545,11.971 L20,7.244 L12.809,6.627 L10,0 L7.191,6.627 L0,7.244 L5.455,11.971 L3.82,19 L10,15.273 Z\" \/>\n<\/svg>\n<svg class=\"icon icon-fill-base icon-6\" viewBox=\"0 0 20 21\" title=\"full star\">\n\t<path d=\"M10,15.273 L16.18,19 L14.545,11.971 L20,7.244 L12.809,6.627 L10,0 L7.191,6.627 L0,7.244 L5.455,11.971 L3.82,19 L10,15.273 Z\" \/>\n<\/svg>\n<svg class=\"icon icon-fill-base icon-6\" viewBox=\"0 0 20 21\" title=\"half empty star\">\n\t<path d=\"M20,6.744 L12.809,6.127 L10,-0.5 L7.191,6.127 L0,6.744 L5.455,11.471 L3.82,18.5 L10,14.772 L16.18,18.499 L14.545,11.47 L20,6.744 L20,6.744 Z M10,12.896 L10,3.595 L11.71,7.631 L16.09,8.007 L12.768,10.885 L13.764,15.166 L10,12.896 L10,12.896 Z\" \/>\n<\/svg>\n<span class=\"sp-ml-2 text-neutral font-bold\">9\/ 10<\/span><\/span><\/span><\/div><\/a>\n\t\t\t\t<\/li><li class=\"border spinoko_shadow spinoko_rounded spinoko_transition\"\n\t\t\t\t\tdata-id=\"14135\">\n\t\t\t\t\t<a href=\"https:\/\/turbowinx.com\/fr\/game\/starburst-review\/\" class=\"block no-underline\"><div class=\"sp-p-2 text-lg font-bold text-body text-center md:text-left\" >Starburst<\/div><div class=\"h-64 overflow-hidden\" ><img\n\t\t\tsrc=\"https:\/\/turbowinx.com\/wp-content\/uploads\/2025\/10\/Starburst.webp\"\n\t\t\talt=\"Starburst\"\n            loading=\"lazy\"\n            decoding=\"async\"\n\t\t\tclass=\"block bg-light w-full max-w-full h-full max-h-full\"\/><\/div><div class=\"md:flex items-center justify-between sp-p-2\" ><div class=\"font-bold text-center md:text-left block sp-mb-2 md:sp-mb-0\" ><span class=\"text-neutral font-bold sp-mr-1\" data-str=\"games_grid_software_label\">Logiciel :<\/span><span class=\"text-body\" >NetEnt<\/span><\/div><span class=\"text-star\" ><span class=\"rating-stars flex items-center justify-center\" data-rating=\"5\"><svg class=\"icon icon-fill-base icon-6\" viewBox=\"0 0 20 21\" title=\"full star\">\n\t<path d=\"M10,15.273 L16.18,19 L14.545,11.971 L20,7.244 L12.809,6.627 L10,0 L7.191,6.627 L0,7.244 L5.455,11.971 L3.82,19 L10,15.273 Z\" \/>\n<\/svg>\n<svg class=\"icon icon-fill-base icon-6\" viewBox=\"0 0 20 21\" title=\"full star\">\n\t<path d=\"M10,15.273 L16.18,19 L14.545,11.971 L20,7.244 L12.809,6.627 L10,0 L7.191,6.627 L0,7.244 L5.455,11.971 L3.82,19 L10,15.273 Z\" \/>\n<\/svg>\n<svg class=\"icon icon-fill-base icon-6\" viewBox=\"0 0 20 21\" title=\"full star\">\n\t<path d=\"M10,15.273 L16.18,19 L14.545,11.971 L20,7.244 L12.809,6.627 L10,0 L7.191,6.627 L0,7.244 L5.455,11.971 L3.82,19 L10,15.273 Z\" \/>\n<\/svg>\n<svg class=\"icon icon-fill-base icon-6\" viewBox=\"0 0 20 21\" title=\"full star\">\n\t<path d=\"M10,15.273 L16.18,19 L14.545,11.971 L20,7.244 L12.809,6.627 L10,0 L7.191,6.627 L0,7.244 L5.455,11.971 L3.82,19 L10,15.273 Z\" \/>\n<\/svg>\n<svg class=\"icon icon-fill-base icon-6\" viewBox=\"0 0 20 21\" title=\"full star\">\n\t<path d=\"M10,15.273 L16.18,19 L14.545,11.971 L20,7.244 L12.809,6.627 L10,0 L7.191,6.627 L0,7.244 L5.455,11.971 L3.82,19 L10,15.273 Z\" \/>\n<\/svg>\n<span class=\"sp-ml-2 text-neutral font-bold\">10\/ 10<\/span><\/span><\/span><\/div><\/a>\n\t\t\t\t<\/li><li class=\"border spinoko_shadow spinoko_rounded spinoko_transition\"\n\t\t\t\t\tdata-id=\"13873\">\n\t\t\t\t\t<a href=\"https:\/\/turbowinx.com\/fr\/game\/sweet-bonanza-review\/\" class=\"block no-underline\"><div class=\"sp-p-2 text-lg font-bold text-body text-center md:text-left\" >Sweet Bonanza<\/div><div class=\"h-64 overflow-hidden\" ><img\n\t\t\tsrc=\"https:\/\/turbowinx.com\/wp-content\/uploads\/2025\/09\/Sweet-Bonanza-.webp\"\n\t\t\talt=\"Sweet Bonanza\"\n            loading=\"lazy\"\n            decoding=\"async\"\n\t\t\tclass=\"block bg-light w-full max-w-full h-full max-h-full\"\/><\/div><div class=\"md:flex items-center justify-between sp-p-2\" ><div class=\"font-bold text-center md:text-left block sp-mb-2 md:sp-mb-0\" ><span class=\"text-neutral font-bold sp-mr-1\" data-str=\"games_grid_software_label\">Logiciel :<\/span><span class=\"text-body\" >Pragmatic Play<\/span><\/div><span class=\"text-star\" ><span class=\"rating-stars flex items-center justify-center\" data-rating=\"4.5\"><svg class=\"icon icon-fill-base icon-6\" viewBox=\"0 0 20 21\" title=\"full star\">\n\t<path d=\"M10,15.273 L16.18,19 L14.545,11.971 L20,7.244 L12.809,6.627 L10,0 L7.191,6.627 L0,7.244 L5.455,11.971 L3.82,19 L10,15.273 Z\" \/>\n<\/svg>\n<svg class=\"icon icon-fill-base icon-6\" viewBox=\"0 0 20 21\" title=\"full star\">\n\t<path d=\"M10,15.273 L16.18,19 L14.545,11.971 L20,7.244 L12.809,6.627 L10,0 L7.191,6.627 L0,7.244 L5.455,11.971 L3.82,19 L10,15.273 Z\" \/>\n<\/svg>\n<svg class=\"icon icon-fill-base icon-6\" viewBox=\"0 0 20 21\" title=\"full star\">\n\t<path d=\"M10,15.273 L16.18,19 L14.545,11.971 L20,7.244 L12.809,6.627 L10,0 L7.191,6.627 L0,7.244 L5.455,11.971 L3.82,19 L10,15.273 Z\" \/>\n<\/svg>\n<svg class=\"icon icon-fill-base icon-6\" viewBox=\"0 0 20 21\" title=\"full star\">\n\t<path d=\"M10,15.273 L16.18,19 L14.545,11.971 L20,7.244 L12.809,6.627 L10,0 L7.191,6.627 L0,7.244 L5.455,11.971 L3.82,19 L10,15.273 Z\" \/>\n<\/svg>\n<svg class=\"icon icon-fill-base icon-6\" viewBox=\"0 0 20 21\" title=\"half empty star\">\n\t<path d=\"M20,6.744 L12.809,6.127 L10,-0.5 L7.191,6.127 L0,6.744 L5.455,11.471 L3.82,18.5 L10,14.772 L16.18,18.499 L14.545,11.47 L20,6.744 L20,6.744 Z M10,12.896 L10,3.595 L11.71,7.631 L16.09,8.007 L12.768,10.885 L13.764,15.166 L10,12.896 L10,12.896 Z\" \/>\n<\/svg>\n<span class=\"sp-ml-2 text-neutral font-bold\">9\/ 10<\/span><\/span><\/span><\/div><\/a>\n\t\t\t\t<\/li><li class=\"border spinoko_shadow spinoko_rounded spinoko_transition\"\n\t\t\t\t\tdata-id=\"13799\">\n\t\t\t\t\t<a href=\"https:\/\/turbowinx.com\/fr\/game\/a-big-catch-review\/\" class=\"block no-underline\"><div class=\"sp-p-2 text-lg font-bold text-body text-center md:text-left\" >A Big Catch<\/div><div class=\"h-64 overflow-hidden\" ><img\n\t\t\tsrc=\"https:\/\/turbowinx.com\/wp-content\/uploads\/2025\/09\/i-2-3.webp\"\n\t\t\talt=\"A Big Catch\"\n            loading=\"lazy\"\n            decoding=\"async\"\n\t\t\tclass=\"block bg-light w-full max-w-full h-full max-h-full\"\/><\/div><div class=\"md:flex items-center justify-between sp-p-2\" ><div class=\"font-bold text-center md:text-left block sp-mb-2 md:sp-mb-0\" ><span class=\"text-neutral font-bold sp-mr-1\" data-str=\"games_grid_software_label\">Logiciel :<\/span><span class=\"text-body\" >Betsoft Gaming<\/span><\/div><span class=\"text-star\" ><span class=\"rating-stars flex items-center justify-center\" data-rating=\"4.45\"><svg class=\"icon icon-fill-base icon-6\" viewBox=\"0 0 20 21\" title=\"full star\">\n\t<path d=\"M10,15.273 L16.18,19 L14.545,11.971 L20,7.244 L12.809,6.627 L10,0 L7.191,6.627 L0,7.244 L5.455,11.971 L3.82,19 L10,15.273 Z\" \/>\n<\/svg>\n<svg class=\"icon icon-fill-base icon-6\" viewBox=\"0 0 20 21\" title=\"full star\">\n\t<path d=\"M10,15.273 L16.18,19 L14.545,11.971 L20,7.244 L12.809,6.627 L10,0 L7.191,6.627 L0,7.244 L5.455,11.971 L3.82,19 L10,15.273 Z\" \/>\n<\/svg>\n<svg class=\"icon icon-fill-base icon-6\" viewBox=\"0 0 20 21\" title=\"full star\">\n\t<path d=\"M10,15.273 L16.18,19 L14.545,11.971 L20,7.244 L12.809,6.627 L10,0 L7.191,6.627 L0,7.244 L5.455,11.971 L3.82,19 L10,15.273 Z\" \/>\n<\/svg>\n<svg class=\"icon icon-fill-base icon-6\" viewBox=\"0 0 20 21\" title=\"full star\">\n\t<path d=\"M10,15.273 L16.18,19 L14.545,11.971 L20,7.244 L12.809,6.627 L10,0 L7.191,6.627 L0,7.244 L5.455,11.971 L3.82,19 L10,15.273 Z\" \/>\n<\/svg>\n<svg class=\"icon icon-fill-base icon-6\" viewBox=\"0 0 20 21\" title=\"half empty star\">\n\t<path d=\"M20,6.744 L12.809,6.127 L10,-0.5 L7.191,6.127 L0,6.744 L5.455,11.471 L3.82,18.5 L10,14.772 L16.18,18.499 L14.545,11.47 L20,6.744 L20,6.744 Z M10,12.896 L10,3.595 L11.71,7.631 L16.09,8.007 L12.768,10.885 L13.764,15.166 L10,12.896 L10,12.896 Z\" \/>\n<\/svg>\n<span class=\"sp-ml-2 text-neutral font-bold\">8.9\/ 10<\/span><\/span><\/span><\/div><\/a>\n\t\t\t\t<\/li><li class=\"items-unavailable sp-mb-8 hidden\">\n\t\t\t\t\t\t\t<p class=\"sp-px-4 sp-py-2 border border-neutral spinoko_rounded spinoko_shadow text-lg font-normal\"\n\t\t\t\t\t\t\t\tdata-str=\"table_filters_nothing_found_text\">\n\t\t\t\t\t\t\t\t Il n&rsquo;y a aucun r\u00e9sultat correspondant \u00e0 vos crit\u00e8res.\n\t\t\t\t\t\t\t<\/p>\n\t\t\t\t\t\t<\/li><\/ul><button class=\"load-more-games button-casino button-casino__outline spinoko_rounded spinoko_shadow sp-px-8 sp-ml-auto sp-mt-4\"\n\t\t\t\t\tdata-str=\"games_grid_load_more_button_text\">\n\t\t\t\t\tCharger plus de jeux\n\t\t\t\t<\/button><\/div>\n\n\n<ul class=\"blog-posts list-none spinoko-recent-posts grid gap-4 md:grid-cols-2 lg:grid-cols-3 sp-mb-4\n\t\">\n\n    <\/ul>\n\n\n\n<p><\/p>\n","protected":false},"excerpt":{"rendered":"<p>Avis sur les Machines \u00e0 Sous en Ligne &amp; RTP Slot Games on Turbowinx bring you detailed and trusted reviews of the most popular online slots. Our mission is to help players Les machines \u00e0 sous sur Turbowinx font l\u2019objet d\u2019avis d\u00e9taill\u00e9s et fiables sur les jeux les plus populaires du moment. Notre mission est [&hellip;]<\/p>\n","protected":false},"author":1,"featured_media":0,"parent":0,"menu_order":0,"comment_status":"closed","ping_status":"closed","template":"templates\/page-cover.php","meta":{"_acf_changed":false,"footnotes":""},"class_list":["post-13432","page","type-page","status-publish","hentry"],"aioseo_notices":[],"acf":[],"_links":{"self":[{"href":"https:\/\/turbowinx.com\/fr\/wp-json\/wp\/v2\/pages\/13432","targetHints":{"allow":["GET"]}}],"collection":[{"href":"https:\/\/turbowinx.com\/fr\/wp-json\/wp\/v2\/pages"}],"about":[{"href":"https:\/\/turbowinx.com\/fr\/wp-json\/wp\/v2\/types\/page"}],"author":[{"embeddable":true,"href":"https:\/\/turbowinx.com\/fr\/wp-json\/wp\/v2\/users\/1"}],"replies":[{"embeddable":true,"href":"https:\/\/turbowinx.com\/fr\/wp-json\/wp\/v2\/comments?post=13432"}],"version-history":[{"count":5,"href":"https:\/\/turbowinx.com\/fr\/wp-json\/wp\/v2\/pages\/13432\/revisions"}],"predecessor-version":[{"id":13802,"href":"https:\/\/turbowinx.com\/fr\/wp-json\/wp\/v2\/pages\/13432\/revisions\/13802"}],"wp:attachment":[{"href":"https:\/\/turbowinx.com\/fr\/wp-json\/wp\/v2\/media?parent=13432"}],"curies":[{"name":"wp","href":"https:\/\/api.w.org\/{rel}","templated":true}]}}