{"id":13925,"date":"2025-10-02T07:15:23","date_gmt":"2025-10-02T07:15:23","guid":{"rendered":"https:\/\/turbowinx.com\/contact\/"},"modified":"2025-10-02T07:19:12","modified_gmt":"2025-10-02T07:19:12","slug":"contact","status":"publish","type":"page","link":"https:\/\/turbowinx.com\/fr\/contact\/","title":{"rendered":"Contactez-nous"},"content":{"rendered":"\n<h2 class=\"wp-block-heading\">Contactez Turbowinx<\/h2>\n\n\n\n<p>We welcome feedback, questions, and collaboration requests from readers worldwide.<br>Vous avez remarqu\u00e9 des conditions de bonus obsol\u00e8tes, des d\u00e9lais de retrait diff\u00e9rents ou vous souhaitez proposer une am\u00e9lioration ? Notre \u00e9quipe est \u00e0 l\u2019\u00e9coute.<\/p>\n\n\n\n<h3 class=\"wp-block-heading\">Comment nous contacter<\/h3>\n\n\n\n<p>Envoyez-nous un e-mail \u00e0 <a href=\"mailto:info@turbowinx.com\" title=\"\">info@turbowinx.com<\/a>. Pour acc\u00e9l\u00e9rer la r\u00e9ponse, pr\u00e9cisez :<\/p>\n\n\n\n<ul class=\"wp-block-list\">\n<li>L\u2019URL de la page concern\u00e9e.<\/li>\n\n\n\n<li>Le nom de l\u2019op\u00e9rateur.<\/li>\n\n\n\n<li>Une br\u00e8ve description du probl\u00e8me.<\/li>\n<\/ul>\n\n\n\n<h3 class=\"wp-block-heading\">Partenariats &amp; presse<\/h3>\n\n\n\n<p>Pour les demandes commerciales ou m\u00e9dias, indiquez \u00ab Partenariat \u00bb ou \u00ab Presse \u00bb dans l\u2019objet de votre message.<\/p>\n\n\n\n<h3 class=\"wp-block-heading\">D\u00e9lais de r\u00e9ponse<\/h3>\n\n\n\n<p>Nous r\u00e9pondons g\u00e9n\u00e9ralement sous <strong>24 \u00e0 48 heures les jours ouvr\u00e9s<\/strong>. Les sujets de s\u00e9curit\u00e9 ou de conformit\u00e9 sont trait\u00e9s en priorit\u00e9.<\/p>\n\n\n\n<h3 class=\"wp-block-heading\">Confidentialit\u00e9<\/h3>\n\n\n\n<p>Vos donn\u00e9es ne sont utilis\u00e9es que pour r\u00e9pondre \u00e0 votre demande.<\/p>\n","protected":false},"excerpt":{"rendered":"<p>Contactez Turbowinx We welcome feedback, questions, and collaboration requests from readers worldwide.Vous avez remarqu\u00e9 des conditions de bonus obsol\u00e8tes, des d\u00e9lais de retrait diff\u00e9rents ou vous souhaitez proposer une am\u00e9lioration ? Notre \u00e9quipe est \u00e0 l\u2019\u00e9coute. Comment nous contacter Envoyez-nous un e-mail \u00e0 info@turbowinx.com. Pour acc\u00e9l\u00e9rer la r\u00e9ponse, pr\u00e9cisez : Partenariats &amp; presse Pour les [&hellip;]<\/p>\n","protected":false},"author":1,"featured_media":0,"parent":0,"menu_order":0,"comment_status":"closed","ping_status":"closed","template":"templates\/page-cover.php","meta":{"_acf_changed":false,"footnotes":""},"class_list":["post-13925","page","type-page","status-publish","hentry"],"aioseo_notices":[],"acf":[],"_links":{"self":[{"href":"https:\/\/turbowinx.com\/fr\/wp-json\/wp\/v2\/pages\/13925","targetHints":{"allow":["GET"]}}],"collection":[{"href":"https:\/\/turbowinx.com\/fr\/wp-json\/wp\/v2\/pages"}],"about":[{"href":"https:\/\/turbowinx.com\/fr\/wp-json\/wp\/v2\/types\/page"}],"author":[{"embeddable":true,"href":"https:\/\/turbowinx.com\/fr\/wp-json\/wp\/v2\/users\/1"}],"replies":[{"embeddable":true,"href":"https:\/\/turbowinx.com\/fr\/wp-json\/wp\/v2\/comments?post=13925"}],"version-history":[{"count":1,"href":"https:\/\/turbowinx.com\/fr\/wp-json\/wp\/v2\/pages\/13925\/revisions"}],"predecessor-version":[{"id":13931,"href":"https:\/\/turbowinx.com\/fr\/wp-json\/wp\/v2\/pages\/13925\/revisions\/13931"}],"wp:attachment":[{"href":"https:\/\/turbowinx.com\/fr\/wp-json\/wp\/v2\/media?parent=13925"}],"curies":[{"name":"wp","href":"https:\/\/api.w.org\/{rel}","templated":true}]}}