{"id":14142,"date":"2025-09-10T06:51:45","date_gmt":"2025-09-10T06:51:45","guid":{"rendered":"https:\/\/turbowinx.com\/guides-strategies\/"},"modified":"2025-11-04T12:02:27","modified_gmt":"2025-11-04T12:02:27","slug":"guides-strategies","status":"publish","type":"page","link":"https:\/\/turbowinx.com\/pl\/guides-strategies\/","title":{"rendered":"Guides &#038; Strategies"},"content":{"rendered":"\n<h2 class=\"wp-block-heading\" id=\"h-casino-guides-amp-strategies-for-smarter-play\">Casino Guides &amp; Strategies for Smarter Play<\/h2>\n\n\n\n<p><strong>Guides &amp; Strategies on Turbowinx<\/strong> are designed to help players make smarter decisions when playing online casinos. Instead of relying only on luck, our expert guides explain how games work and what factors matter most.<\/p>\n\n\n\n<p>New to online gambling? Start with beginner-friendly topics such as how to choose a safe casino, what licenses mean, and how to claim bonuses responsibly. For slot fans, our strategies cover key concepts like RTP (return to player), volatility, paylines, and bonus features, explained in simple terms.<\/p>\n\n\n\n<p>Managing your bankroll is another essential part of smart play. Our guides provide practical tips for setting limits, controlling risk, and playing with confidence. We also emphasize <strong>responsible gaming<\/strong>, ensuring players enjoy the entertainment without unnecessary risks.<\/p>\n\n\n\n<p>Whether you are exploring your first casino or looking to refine your slot strategies, Turbowinx offers clear, unbiased, and practical advice. Dive into our guides today and discover how to play smarter.<\/p>\n\n\n\n<p><\/p>\n\n\n\n<ul class=\"blog-posts list-none spinoko-recent-posts grid gap-4 md:grid-cols-2 lg:grid-cols-3 sp-mb-4\n\t\">\n\n    \n<li class=\"flex flex-col bg-body border overflow-hidden spinoko_shadow spinoko_rounded spinoko_transition \">\n\n    <div class=\"thumbnail-wrapper relative flex-center overflow-hidden\">\n        <a href=\"https:\/\/turbowinx.com\/pl\/crypto-gambling-regulations-europe-2026\/\" class=\"w-full h-full overflow-hidden\">\n            <img\n\t\t\tsrc=\"https:\/\/turbowinx.com\/wp-content\/uploads\/2026\/01\/Crypto_gambling_regulations_in_Europe-300x164.webp\"\n\t\t\talt=\"Krypto hazard w Polsce: Koniec mitu anonimowo\u015bci 2026\"\n            loading=\"lazy\"\n            decoding=\"async\"\n\t\t\tclass=\"block sp-mx-auto w-full h-48\"\/>        <\/a>\n    <\/div>\n\n    <h3 class=\"text-2xl font-bold sp-mt-2 sp-px-4\">\n        <a class=\"no-underline text-dark\" href=\"https:\/\/turbowinx.com\/pl\/crypto-gambling-regulations-europe-2026\/\">\n            Krypto hazard w Polsce: Koniec mitu anonimowo\u015bci 2026        <\/a>\n    <\/h3>\n\n    <div class=\"sp-mt-4 sp-px-4 text-dark flex-grow\">\n        Pami\u0119tacie t\u0119 narracj\u0119 o &#8222;pe\u0142nej anonimowo\u015bci&#8221; Bitcoina na gie\u0142dach (CEX)? Jeszcze dwa lata temu dominowa\u0142a na forach, ale b\u0105d\u017amy szczerzy \u2013 w 2026 roku to&hellip;    <\/div>\n\n    <div class=\"sp-my-4 sp-px-4 flex items-center justify-between text-sm\">\n\t\t<span class=\"flex items-center text-neutral font-bold\">\n\t\t<svg class=\"icon icon-4 sp-mr-1\" xmlns=\"http:\/\/www.w3.org\/2000\/svg\" viewBox=\"0 0 20 20\"><path d=\"M1 4c0-1.1.9-2 2-2h14a2 2 0 0 1 2 2v14a2 2 0 0 1-2 2H3a2 2 0 0 1-2-2V4zm2 2v12h14V6H3zm2-6h2v2H5V0zm8 0h2v2h-2V0zM5 9h2v2H5V9zm0 4h2v2H5v-2zm4-4h2v2H9V9zm0 4h2v2H9v-2zm4-4h2v2h-2V9zm0 4h2v2h-2v-2z\"\/><\/svg>        Jan 08, 2026\t\t<\/span>\n\n        <a href=\"https:\/\/turbowinx.com\/pl\/crypto-gambling-regulations-europe-2026\/\" class=\"flex items-center font-bold no-underline\">\n\t\t\t<span data-str=\"read_more_text\">\n\t\t\t\tRead More\t\t\t<\/span>\n            <svg class=\"icon icon-4\" xmlns=\"http:\/\/www.w3.org\/2000\/svg\" viewBox=\"0 0 20 20\"><path d=\"M12.95 10.707l.707-.707L8 4.343 6.586 5.757 10.828 10l-4.242 4.243L8 15.657l4.95-4.95z\"\/><\/svg>        <\/a>\n    <\/div>\n<\/li>\n\n<li class=\"flex flex-col bg-body border overflow-hidden spinoko_shadow spinoko_rounded spinoko_transition \">\n\n    <div class=\"thumbnail-wrapper relative flex-center overflow-hidden\">\n        <a href=\"https:\/\/turbowinx.com\/pl\/how-to-register-casino\/\" class=\"w-full h-full overflow-hidden\">\n            <img\n\t\t\tsrc=\"https:\/\/turbowinx.com\/wp-content\/uploads\/2026\/01\/Step-by-Step_How_to_Register_at_Your_First_Casino-300x164.jpg\"\n\t\t\talt=\"Krok po kroku: Jak zarejestrowa\u0107 si\u0119 w pierwszym kasynie online\"\n            loading=\"lazy\"\n            decoding=\"async\"\n\t\t\tclass=\"block sp-mx-auto w-full h-48\"\/>        <\/a>\n    <\/div>\n\n    <h3 class=\"text-2xl font-bold sp-mt-2 sp-px-4\">\n        <a class=\"no-underline text-dark\" href=\"https:\/\/turbowinx.com\/pl\/how-to-register-casino\/\">\n            Krok po kroku: Jak zarejestrowa\u0107 si\u0119 w pierwszym kasynie online        <\/a>\n    <\/h3>\n\n    <div class=\"sp-mt-4 sp-px-4 text-dark flex-grow\">\n        B\u0105d\u017amy szczerzy: rejestracja w pierwszym kasynie online mo\u017ce wywo\u0142ywa\u0107 lekki niepok\u00f3j. Masz zamiar udost\u0119pni\u0107 swoje dane osobowe i finansowe stronie internetowej, kt\u00f3rej by\u0107 mo\u017ce jeszcze&hellip;    <\/div>\n\n    <div class=\"sp-my-4 sp-px-4 flex items-center justify-between text-sm\">\n\t\t<span class=\"flex items-center text-neutral font-bold\">\n\t\t<svg class=\"icon icon-4 sp-mr-1\" xmlns=\"http:\/\/www.w3.org\/2000\/svg\" viewBox=\"0 0 20 20\"><path d=\"M1 4c0-1.1.9-2 2-2h14a2 2 0 0 1 2 2v14a2 2 0 0 1-2 2H3a2 2 0 0 1-2-2V4zm2 2v12h14V6H3zm2-6h2v2H5V0zm8 0h2v2h-2V0zM5 9h2v2H5V9zm0 4h2v2H5v-2zm4-4h2v2H9V9zm0 4h2v2H9v-2zm4-4h2v2h-2V9zm0 4h2v2h-2v-2z\"\/><\/svg>        Jan 05, 2026\t\t<\/span>\n\n        <a href=\"https:\/\/turbowinx.com\/pl\/how-to-register-casino\/\" class=\"flex items-center font-bold no-underline\">\n\t\t\t<span data-str=\"read_more_text\">\n\t\t\t\tRead More\t\t\t<\/span>\n            <svg class=\"icon icon-4\" xmlns=\"http:\/\/www.w3.org\/2000\/svg\" viewBox=\"0 0 20 20\"><path d=\"M12.95 10.707l.707-.707L8 4.343 6.586 5.757 10.828 10l-4.242 4.243L8 15.657l4.95-4.95z\"\/><\/svg>        <\/a>\n    <\/div>\n<\/li>\n\n<li class=\"flex flex-col bg-body border overflow-hidden spinoko_shadow spinoko_rounded spinoko_transition \">\n\n    <div class=\"thumbnail-wrapper relative flex-center overflow-hidden\">\n        <a href=\"https:\/\/turbowinx.com\/pl\/wagering-requirements-explained\/\" class=\"w-full h-full overflow-hidden\">\n            <img\n\t\t\tsrc=\"https:\/\/turbowinx.com\/wp-content\/uploads\/2026\/01\/What_Are_Wagering_Requirements_and_How_Do_They_Work-300x164.jpg\"\n\t\t\talt=\"Wymogi Obrotu &#8211; Wyja\u015bnione po ludzku. Jak nie straci\u0107 wygranej?\"\n            loading=\"lazy\"\n            decoding=\"async\"\n\t\t\tclass=\"block sp-mx-auto w-full h-48\"\/>        <\/a>\n    <\/div>\n\n    <h3 class=\"text-2xl font-bold sp-mt-2 sp-px-4\">\n        <a class=\"no-underline text-dark\" href=\"https:\/\/turbowinx.com\/pl\/wagering-requirements-explained\/\">\n            Wymogi Obrotu &#8211; Wyja\u015bnione po ludzku. Jak nie straci\u0107 wygranej?        <\/a>\n    <\/h3>\n\n    <div class=\"sp-mt-4 sp-px-4 text-dark flex-grow\">\n        Ka\u017cdy z nas to widzia\u0142. Wchodzisz na stron\u0119 kasyna, a tam wielki baner krzyczy: \u201e200% Bonusu do 2000 PLN!\u201d albo \u201e100 Darmowych Spin\u00f3w za sam\u0105&hellip;    <\/div>\n\n    <div class=\"sp-my-4 sp-px-4 flex items-center justify-between text-sm\">\n\t\t<span class=\"flex items-center text-neutral font-bold\">\n\t\t<svg class=\"icon icon-4 sp-mr-1\" xmlns=\"http:\/\/www.w3.org\/2000\/svg\" viewBox=\"0 0 20 20\"><path d=\"M1 4c0-1.1.9-2 2-2h14a2 2 0 0 1 2 2v14a2 2 0 0 1-2 2H3a2 2 0 0 1-2-2V4zm2 2v12h14V6H3zm2-6h2v2H5V0zm8 0h2v2h-2V0zM5 9h2v2H5V9zm0 4h2v2H5v-2zm4-4h2v2H9V9zm0 4h2v2H9v-2zm4-4h2v2h-2V9zm0 4h2v2h-2v-2z\"\/><\/svg>        Jan 02, 2026\t\t<\/span>\n\n        <a href=\"https:\/\/turbowinx.com\/pl\/wagering-requirements-explained\/\" class=\"flex items-center font-bold no-underline\">\n\t\t\t<span data-str=\"read_more_text\">\n\t\t\t\tRead More\t\t\t<\/span>\n            <svg class=\"icon icon-4\" xmlns=\"http:\/\/www.w3.org\/2000\/svg\" viewBox=\"0 0 20 20\"><path d=\"M12.95 10.707l.707-.707L8 4.343 6.586 5.757 10.828 10l-4.242 4.243L8 15.657l4.95-4.95z\"\/><\/svg>        <\/a>\n    <\/div>\n<\/li>\n\n<li class=\"flex flex-col bg-body border overflow-hidden spinoko_shadow spinoko_rounded spinoko_transition \">\n\n    <div class=\"thumbnail-wrapper relative flex-center overflow-hidden\">\n        <a href=\"https:\/\/turbowinx.com\/pl\/licencje-kasynowe-wyjasnione-prosto-dla-graczy-przewodnik\/\" class=\"w-full h-full overflow-hidden\">\n            <img\n\t\t\tsrc=\"https:\/\/turbowinx.com\/wp-content\/uploads\/2026\/01\/Casino_Licenses_Explained_for_Beginners.jpeg\"\n\t\t\talt=\"Licencje kasynowe  wyja\u015bnione prosto dla graczy (Przewodnik 2026)\"\n            loading=\"lazy\"\n            decoding=\"async\"\n\t\t\tclass=\"block sp-mx-auto w-full h-48\"\/>        <\/a>\n    <\/div>\n\n    <h3 class=\"text-2xl font-bold sp-mt-2 sp-px-4\">\n        <a class=\"no-underline text-dark\" href=\"https:\/\/turbowinx.com\/pl\/licencje-kasynowe-wyjasnione-prosto-dla-graczy-przewodnik\/\">\n            Licencje kasynowe  wyja\u015bnione prosto dla graczy (Przewodnik 2026)        <\/a>\n    <\/h3>\n\n    <div class=\"sp-mt-4 sp-px-4 text-dark flex-grow\">\n        Je\u015bli kiedykolwiek zjecha\u0142e\u015b na sam d\u00f3\u0142 strony kasyna internetowego, na pewno widzia\u0142e\u015b tam mas\u0119 ma\u0142ych ikon, tarcz i tekst\u00f3w prawnych o &#8222;licencjach master&#8221; czy &#8222;organach&hellip;    <\/div>\n\n    <div class=\"sp-my-4 sp-px-4 flex items-center justify-between text-sm\">\n\t\t<span class=\"flex items-center text-neutral font-bold\">\n\t\t<svg class=\"icon icon-4 sp-mr-1\" xmlns=\"http:\/\/www.w3.org\/2000\/svg\" viewBox=\"0 0 20 20\"><path d=\"M1 4c0-1.1.9-2 2-2h14a2 2 0 0 1 2 2v14a2 2 0 0 1-2 2H3a2 2 0 0 1-2-2V4zm2 2v12h14V6H3zm2-6h2v2H5V0zm8 0h2v2h-2V0zM5 9h2v2H5V9zm0 4h2v2H5v-2zm4-4h2v2H9V9zm0 4h2v2H9v-2zm4-4h2v2h-2V9zm0 4h2v2h-2v-2z\"\/><\/svg>        Jan 02, 2026\t\t<\/span>\n\n        <a href=\"https:\/\/turbowinx.com\/pl\/licencje-kasynowe-wyjasnione-prosto-dla-graczy-przewodnik\/\" class=\"flex items-center font-bold no-underline\">\n\t\t\t<span data-str=\"read_more_text\">\n\t\t\t\tRead More\t\t\t<\/span>\n            <svg class=\"icon icon-4\" xmlns=\"http:\/\/www.w3.org\/2000\/svg\" viewBox=\"0 0 20 20\"><path d=\"M12.95 10.707l.707-.707L8 4.343 6.586 5.757 10.828 10l-4.242 4.243L8 15.657l4.95-4.95z\"\/><\/svg>        <\/a>\n    <\/div>\n<\/li>\n\n<li class=\"flex flex-col bg-body border overflow-hidden spinoko_shadow spinoko_rounded spinoko_transition \">\n\n    <div class=\"thumbnail-wrapper relative flex-center overflow-hidden\">\n        <a href=\"https:\/\/turbowinx.com\/pl\/how-to-win-at-gonzos-quest\/\" class=\"w-full h-full overflow-hidden\">\n            <img\n\t\t\tsrc=\"https:\/\/turbowinx.com\/wp-content\/uploads\/2025\/11\/gonzos-quest-slot-netent-300x196.webp\"\n\t\t\talt=\"Jak wygra\u0107 w Gonzo\u2019s Quest: Sprytniejsza Strategia, RTP i Darmowe Spadki\"\n            loading=\"lazy\"\n            decoding=\"async\"\n\t\t\tclass=\"block sp-mx-auto w-full h-48\"\/>        <\/a>\n    <\/div>\n\n    <h3 class=\"text-2xl font-bold sp-mt-2 sp-px-4\">\n        <a class=\"no-underline text-dark\" href=\"https:\/\/turbowinx.com\/pl\/how-to-win-at-gonzos-quest\/\">\n            Jak wygra\u0107 w Gonzo\u2019s Quest: Sprytniejsza Strategia, RTP i Darmowe Spadki        <\/a>\n    <\/h3>\n\n    <div class=\"sp-mt-4 sp-px-4 text-dark flex-grow\">\n        Rozpoczynaj\u0105c przygod\u0119 w \u015bwiecie automat\u00f3w online, cz\u0119sto szuka si\u0119 nie tylko dreszczyku emocji zwi\u0105zanego z obrotem, ale tak\u017ce g\u0142\u0119bszego zrozumienia, jak porusza\u0107 si\u0119 po ukrytych&hellip;    <\/div>\n\n    <div class=\"sp-my-4 sp-px-4 flex items-center justify-between text-sm\">\n\t\t<span class=\"flex items-center text-neutral font-bold\">\n\t\t<svg class=\"icon icon-4 sp-mr-1\" xmlns=\"http:\/\/www.w3.org\/2000\/svg\" viewBox=\"0 0 20 20\"><path d=\"M1 4c0-1.1.9-2 2-2h14a2 2 0 0 1 2 2v14a2 2 0 0 1-2 2H3a2 2 0 0 1-2-2V4zm2 2v12h14V6H3zm2-6h2v2H5V0zm8 0h2v2h-2V0zM5 9h2v2H5V9zm0 4h2v2H5v-2zm4-4h2v2H9V9zm0 4h2v2H9v-2zm4-4h2v2h-2V9zm0 4h2v2h-2v-2z\"\/><\/svg>        Nov 06, 2025\t\t<\/span>\n\n        <a href=\"https:\/\/turbowinx.com\/pl\/how-to-win-at-gonzos-quest\/\" class=\"flex items-center font-bold no-underline\">\n\t\t\t<span data-str=\"read_more_text\">\n\t\t\t\tRead More\t\t\t<\/span>\n            <svg class=\"icon icon-4\" xmlns=\"http:\/\/www.w3.org\/2000\/svg\" viewBox=\"0 0 20 20\"><path d=\"M12.95 10.707l.707-.707L8 4.343 6.586 5.757 10.828 10l-4.242 4.243L8 15.657l4.95-4.95z\"\/><\/svg>        <\/a>\n    <\/div>\n<\/li>\n\n<li class=\"flex flex-col bg-body border overflow-hidden spinoko_shadow spinoko_rounded spinoko_transition \">\n\n    <div class=\"thumbnail-wrapper relative flex-center overflow-hidden\">\n        <a href=\"https:\/\/turbowinx.com\/pl\/how-to-win-at-big-bass-bonanza\/\" class=\"w-full h-full overflow-hidden\">\n            <img\n\t\t\tsrc=\"https:\/\/turbowinx.com\/wp-content\/uploads\/2025\/10\/i-300x169.webp\"\n\t\t\talt=\"Jak wygra\u0107 w Big Bass Bonanza: Sprytniejsza Strategia, RTP i Darmowe Spiny\"\n            loading=\"lazy\"\n            decoding=\"async\"\n\t\t\tclass=\"block sp-mx-auto w-full h-48\"\/>        <\/a>\n    <\/div>\n\n    <h3 class=\"text-2xl font-bold sp-mt-2 sp-px-4\">\n        <a class=\"no-underline text-dark\" href=\"https:\/\/turbowinx.com\/pl\/how-to-win-at-big-bass-bonanza\/\">\n            Jak wygra\u0107 w Big Bass Bonanza: Sprytniejsza Strategia, RTP i Darmowe Spiny        <\/a>\n    <\/h3>\n\n    <div class=\"sp-mt-4 sp-px-4 text-dark flex-grow\">\n        Wprowadzenie W rozleg\u0142ym oceanie gier slotowych online gracze nieustannie poszukuj\u0105 nie tylko ekscytuj\u0105cej rozrywki, ale tak\u017ce g\u0142\u0119bszego zrozumienia, jak porusza\u0107 si\u0119 po wybranych przygodach. Big&hellip;    <\/div>\n\n    <div class=\"sp-my-4 sp-px-4 flex items-center justify-between text-sm\">\n\t\t<span class=\"flex items-center text-neutral font-bold\">\n\t\t<svg class=\"icon icon-4 sp-mr-1\" xmlns=\"http:\/\/www.w3.org\/2000\/svg\" viewBox=\"0 0 20 20\"><path d=\"M1 4c0-1.1.9-2 2-2h14a2 2 0 0 1 2 2v14a2 2 0 0 1-2 2H3a2 2 0 0 1-2-2V4zm2 2v12h14V6H3zm2-6h2v2H5V0zm8 0h2v2h-2V0zM5 9h2v2H5V9zm0 4h2v2H5v-2zm4-4h2v2H9V9zm0 4h2v2H9v-2zm4-4h2v2h-2V9zm0 4h2v2h-2v-2z\"\/><\/svg>        Oct 16, 2025\t\t<\/span>\n\n        <a href=\"https:\/\/turbowinx.com\/pl\/how-to-win-at-big-bass-bonanza\/\" class=\"flex items-center font-bold no-underline\">\n\t\t\t<span data-str=\"read_more_text\">\n\t\t\t\tRead More\t\t\t<\/span>\n            <svg class=\"icon icon-4\" xmlns=\"http:\/\/www.w3.org\/2000\/svg\" viewBox=\"0 0 20 20\"><path d=\"M12.95 10.707l.707-.707L8 4.343 6.586 5.757 10.828 10l-4.242 4.243L8 15.657l4.95-4.95z\"\/><\/svg>        <\/a>\n    <\/div>\n<\/li>\n\n<li class=\"flex flex-col bg-body border overflow-hidden spinoko_shadow spinoko_rounded spinoko_transition \">\n\n    <div class=\"thumbnail-wrapper relative flex-center overflow-hidden\">\n        <a href=\"https:\/\/turbowinx.com\/pl\/how-to-win-at-starburst\/\" class=\"w-full h-full overflow-hidden\">\n            <img\n\t\t\tsrc=\"https:\/\/turbowinx.com\/wp-content\/uploads\/2025\/10\/how-to-win-at-starburst-300x169.webp\"\n\t\t\talt=\"Jak wygra\u0107 w Starburst: Sprytniejsza Strategia, RTP i Darmowe Spiny\"\n            loading=\"lazy\"\n            decoding=\"async\"\n\t\t\tclass=\"block sp-mx-auto w-full h-48\"\/>        <\/a>\n    <\/div>\n\n    <h3 class=\"text-2xl font-bold sp-mt-2 sp-px-4\">\n        <a class=\"no-underline text-dark\" href=\"https:\/\/turbowinx.com\/pl\/how-to-win-at-starburst\/\">\n            Jak wygra\u0107 w Starburst: Sprytniejsza Strategia, RTP i Darmowe Spiny        <\/a>\n    <\/h3>\n\n    <div class=\"sp-mt-4 sp-px-4 text-dark flex-grow\">\n        Wprowadzenie W dynamicznym \u015bwiecie automat\u00f3w online gracze cz\u0119sto szukaj\u0105 nie tylko rozrywki, ale tak\u017ce poczucia kontroli i jasno\u015bci nad swoim do\u015bwiadczeniem w grze. Urok klasyka,&hellip;    <\/div>\n\n    <div class=\"sp-my-4 sp-px-4 flex items-center justify-between text-sm\">\n\t\t<span class=\"flex items-center text-neutral font-bold\">\n\t\t<svg class=\"icon icon-4 sp-mr-1\" xmlns=\"http:\/\/www.w3.org\/2000\/svg\" viewBox=\"0 0 20 20\"><path d=\"M1 4c0-1.1.9-2 2-2h14a2 2 0 0 1 2 2v14a2 2 0 0 1-2 2H3a2 2 0 0 1-2-2V4zm2 2v12h14V6H3zm2-6h2v2H5V0zm8 0h2v2h-2V0zM5 9h2v2H5V9zm0 4h2v2H5v-2zm4-4h2v2H9V9zm0 4h2v2H9v-2zm4-4h2v2h-2V9zm0 4h2v2h-2v-2z\"\/><\/svg>        Oct 14, 2025\t\t<\/span>\n\n        <a href=\"https:\/\/turbowinx.com\/pl\/how-to-win-at-starburst\/\" class=\"flex items-center font-bold no-underline\">\n\t\t\t<span data-str=\"read_more_text\">\n\t\t\t\tRead More\t\t\t<\/span>\n            <svg class=\"icon icon-4\" xmlns=\"http:\/\/www.w3.org\/2000\/svg\" viewBox=\"0 0 20 20\"><path d=\"M12.95 10.707l.707-.707L8 4.343 6.586 5.757 10.828 10l-4.242 4.243L8 15.657l4.95-4.95z\"\/><\/svg>        <\/a>\n    <\/div>\n<\/li>\n\n<li class=\"flex flex-col bg-body border overflow-hidden spinoko_shadow spinoko_rounded spinoko_transition \">\n\n    <div class=\"thumbnail-wrapper relative flex-center overflow-hidden\">\n        <a href=\"https:\/\/turbowinx.com\/pl\/how-to-win-at-sweet-bonanza\/\" class=\"w-full h-full overflow-hidden\">\n            <img\n\t\t\tsrc=\"https:\/\/turbowinx.com\/wp-content\/uploads\/2025\/09\/How_to_win_at_sweet_bonanza-300x169.webp\"\n\t\t\talt=\"How to Win at Sweet Bonanza: Smarter Strategy, RTP &amp; Free Spins\"\n            loading=\"lazy\"\n            decoding=\"async\"\n\t\t\tclass=\"block sp-mx-auto w-full h-48\"\/>        <\/a>\n    <\/div>\n\n    <h3 class=\"text-2xl font-bold sp-mt-2 sp-px-4\">\n        <a class=\"no-underline text-dark\" href=\"https:\/\/turbowinx.com\/pl\/how-to-win-at-sweet-bonanza\/\">\n            How to Win at Sweet Bonanza: Smarter Strategy, RTP &amp; Free Spins        <\/a>\n    <\/h3>\n\n    <div class=\"sp-mt-4 sp-px-4 text-dark flex-grow\">\n        Introduction Slot players often search for ways to bring more control and clarity into their sessions. With colorful mechanics, cascading wins, and exciting bonus rounds,&hellip;    <\/div>\n\n    <div class=\"sp-my-4 sp-px-4 flex items-center justify-between text-sm\">\n\t\t<span class=\"flex items-center text-neutral font-bold\">\n\t\t<svg class=\"icon icon-4 sp-mr-1\" xmlns=\"http:\/\/www.w3.org\/2000\/svg\" viewBox=\"0 0 20 20\"><path d=\"M1 4c0-1.1.9-2 2-2h14a2 2 0 0 1 2 2v14a2 2 0 0 1-2 2H3a2 2 0 0 1-2-2V4zm2 2v12h14V6H3zm2-6h2v2H5V0zm8 0h2v2h-2V0zM5 9h2v2H5V9zm0 4h2v2H5v-2zm4-4h2v2H9V9zm0 4h2v2H9v-2zm4-4h2v2h-2V9zm0 4h2v2h-2v-2z\"\/><\/svg>        Sep 30, 2025\t\t<\/span>\n\n        <a href=\"https:\/\/turbowinx.com\/pl\/how-to-win-at-sweet-bonanza\/\" class=\"flex items-center font-bold no-underline\">\n\t\t\t<span data-str=\"read_more_text\">\n\t\t\t\tRead More\t\t\t<\/span>\n            <svg class=\"icon icon-4\" xmlns=\"http:\/\/www.w3.org\/2000\/svg\" viewBox=\"0 0 20 20\"><path d=\"M12.95 10.707l.707-.707L8 4.343 6.586 5.757 10.828 10l-4.242 4.243L8 15.657l4.95-4.95z\"\/><\/svg>        <\/a>\n    <\/div>\n<\/li>\n<\/ul>\n\n\n<ul class=\"wp-block-categories-list wp-block-categories\">\t<li class=\"cat-item cat-item-635\"><a href=\"https:\/\/turbowinx.com\/pl\/category\/aktualnosci\/\">Aktualno\u015bci<\/a>\n<\/li>\n\t<li class=\"cat-item cat-item-647\"><a href=\"https:\/\/turbowinx.com\/pl\/category\/strategie-poradniki\/odpowiedzialna-gra\/\">Odpowiedzialna Gra<\/a>\n<\/li>\n\t<li class=\"cat-item cat-item-644\"><a href=\"https:\/\/turbowinx.com\/pl\/category\/strategie-poradniki\/poradniki-dla-poczatkujacych\/\">Poradniki dla Pocz\u0105tkuj\u0105cych<\/a>\n<\/li>\n\t<li class=\"cat-item cat-item-638\"><a href=\"https:\/\/turbowinx.com\/pl\/category\/aktualnosci\/regionalne-wiadomosci-hazardowe\/\">Regionalne Wiadomo\u015bci o Hazardzie<\/a>\n<\/li>\n\t<li class=\"cat-item cat-item-643\"><a href=\"https:\/\/turbowinx.com\/pl\/category\/strategie-poradniki\/\">Strategie i Poradniki<\/a>\n<\/li>\n\t<li class=\"cat-item cat-item-648\"><a href=\"https:\/\/turbowinx.com\/pl\/category\/strategie-poradniki\/strategie-sloty\/\">Strategie i Poradniki do Slot\u00f3w<\/a>\n<\/li>\n<\/ul>","protected":false},"excerpt":{"rendered":"<p>Casino Guides &amp; Strategies for Smarter Play Guides &amp; Strategies on Turbowinx are designed to help players make smarter decisions when playing online casinos. Instead of relying only on luck, our expert guides explain how games work and what factors matter most. New to online gambling? Start with beginner-friendly topics such as how to choose [&hellip;]<\/p>\n","protected":false},"author":1,"featured_media":0,"parent":0,"menu_order":0,"comment_status":"closed","ping_status":"closed","template":"templates\/page-cover.php","meta":{"_acf_changed":false,"footnotes":""},"class_list":["post-14142","page","type-page","status-publish","hentry"],"aioseo_notices":[],"acf":[],"_links":{"self":[{"href":"https:\/\/turbowinx.com\/pl\/wp-json\/wp\/v2\/pages\/14142","targetHints":{"allow":["GET"]}}],"collection":[{"href":"https:\/\/turbowinx.com\/pl\/wp-json\/wp\/v2\/pages"}],"about":[{"href":"https:\/\/turbowinx.com\/pl\/wp-json\/wp\/v2\/types\/page"}],"author":[{"embeddable":true,"href":"https:\/\/turbowinx.com\/pl\/wp-json\/wp\/v2\/users\/1"}],"replies":[{"embeddable":true,"href":"https:\/\/turbowinx.com\/pl\/wp-json\/wp\/v2\/comments?post=14142"}],"version-history":[{"count":2,"href":"https:\/\/turbowinx.com\/pl\/wp-json\/wp\/v2\/pages\/14142\/revisions"}],"predecessor-version":[{"id":14266,"href":"https:\/\/turbowinx.com\/pl\/wp-json\/wp\/v2\/pages\/14142\/revisions\/14266"}],"wp:attachment":[{"href":"https:\/\/turbowinx.com\/pl\/wp-json\/wp\/v2\/media?parent=14142"}],"curies":[{"name":"wp","href":"https:\/\/api.w.org\/{rel}","templated":true}]}}