{"id":14145,"date":"2025-09-16T11:36:20","date_gmt":"2025-09-16T11:36:20","guid":{"rendered":"https:\/\/turbowinx.com\/news\/"},"modified":"2025-10-15T10:54:30","modified_gmt":"2025-10-15T10:54:30","slug":"news","status":"publish","type":"page","link":"https:\/\/turbowinx.com\/pl\/news\/","title":{"rendered":"Witaj w Turbowinx News"},"content":{"rendered":"\n<p><strong>Twoim poufnym przewodniku po wszystkim, co dzieje si\u0119 w \u015bwiecie kasyn online i gier slotowych.<\/strong> U nas ka\u017cda aktualizacja to zapowied\u017a wielkiego wydarzenia: premiera zupe\u0142nie nowego slota, rekordowa wygrana jackpota, czy zmiana w przepisach hazardowych, kt\u00f3ra mo\u017ce ukszta\u0142towa\u0107 przysz\u0142o\u015b\u0107 bran\u017cy.<\/p>\n\n\n\n<p>Nasza misja jest prosta &#8211; chcemy, aby\u015b zawsze by\u0142 o krok do przodu. Od ekskluzywnych zapowiedzi nadchodz\u0105cych gier, po dog\u0142\u0119bne analizy promocji kasynowych, program\u00f3w lojalno\u015bciowych i strategii bonusowych &#8211; dostarczamy historie, kt\u00f3re maj\u0105 znaczenie zar\u00f3wno dla okazjonalnych graczy, jak i do\u015bwiadczonych ekspert\u00f3w.<\/p>\n\n\n\n<p><strong>Co tydzie\u0144 znajdziesz u nas:<\/strong><\/p>\n\n\n\n<ul class=\"wp-block-list\">\n<li><strong>\u015awie\u017ce premiery slot\u00f3w<\/strong>\u00a0ze szczeg\u00f3\u0142ow\u0105 analiz\u0105 wska\u017anik\u00f3w RTP, zmienno\u015bci i funkcji.<\/li>\n\n\n\n<li><strong>Najwa\u017cniejsze informacje z kasyn<\/strong>\u00a0obejmuj\u0105ce nowe oferty, opcje p\u0142atno\u015bci i aktualizacje platform.<\/li>\n\n\n\n<li><strong>Wgl\u0105d w bran\u017c\u0119<\/strong>\u00a0&#8211; regulacje, odpowiedzialn\u0105 gr\u0119 i przysz\u0142o\u015b\u0107 iGamingu.<\/li>\n\n\n\n<li><strong>Trendy i innowacje<\/strong>\u00a0&#8211; od kasyn kryptowalutowych po personalizacj\u0119 opart\u0105 na sztucznej inteligencji.<\/li>\n<\/ul>\n\n\n\n<p>W Turbowinx wierzymy, \u017ce wiadomo\u015bci powinny robi\u0107 wi\u0119cej ni\u017c tylko informowa\u0107 &#8211; powinny inspirowa\u0107 do m\u0105drzejszej gry i g\u0142\u0119bszego zrozumienia dynamicznego krajobrazu iGamingu. Niezale\u017cnie od tego, czy chcesz odkry\u0107 najgor\u0119tsze nowe tytu\u0142y, dowiedzie\u0107 si\u0119, kt\u00f3re kasyna podnosz\u0105 poprzeczk\u0119, czy po prostu zbada\u0107, w jakim kierunku zmierza hazard online, to jest w\u0142a\u015bciwe miejsce.<\/p>\n\n\n\n<p>B\u0105d\u017a ciekawy. B\u0105d\u017a poinformowany. <strong>B\u0105d\u017a o krok do przodu z Turbowinx News.<\/strong><\/p>\n\n\n\n<ul class=\"blog-posts list-none spinoko-recent-posts grid gap-4 md:grid-cols-2 lg:grid-cols-3 sp-mb-4\n\t\">\n\n    \n<li class=\"flex flex-col bg-body border overflow-hidden spinoko_shadow spinoko_rounded spinoko_transition \">\n\n    <div class=\"thumbnail-wrapper relative flex-center overflow-hidden\">\n        <a href=\"https:\/\/turbowinx.com\/pl\/fiscal-shockwave-europes-igaming-sector-faces-historic-tax-squeeze-in-2026\/\" class=\"w-full h-full overflow-hidden\">\n            <img\n\t\t\tsrc=\"https:\/\/turbowinx.com\/wp-content\/uploads\/2026\/01\/New_regulations_on_online_gambling_taxes-300x164.jpg\"\n\t\t\talt=\"Czarny scenariusz dla polskiego hazardu: Podatek obrotowy w g\u00f3r\u0119 do 15%. Koniec legalnego typowania?\"\n            loading=\"lazy\"\n            decoding=\"async\"\n\t\t\tclass=\"block sp-mx-auto w-full h-48\"\/>        <\/a>\n    <\/div>\n\n    <h3 class=\"text-2xl font-bold sp-mt-2 sp-px-4\">\n        <a class=\"no-underline text-dark\" href=\"https:\/\/turbowinx.com\/pl\/fiscal-shockwave-europes-igaming-sector-faces-historic-tax-squeeze-in-2026\/\">\n            Czarny scenariusz dla polskiego hazardu: Podatek obrotowy w g\u00f3r\u0119 do 15%. Koniec legalnego typowania?        <\/a>\n    <\/h3>\n\n    <div class=\"sp-mt-4 sp-px-4 text-dark flex-grow\">\n        Nadzieje na reform\u0119 podatkow\u0105 prys\u0142y jak ba\u0144ka mydlana. Rz\u0105d w Warszawie potwierdzi\u0142 plany nowelizacji ustawy hazardowej: zamiast przej\u015bcia na model GGR, bran\u017c\u0119 czeka podwy\u017cka podatku od stawki z 12% do 15%. Eksperci nie maj\u0105 z\u0142udze\u0144 \u2013 to prezent dla szarej strefy. Warszawa&hellip;    <\/div>\n\n    <div class=\"sp-my-4 sp-px-4 flex items-center justify-between text-sm\">\n\t\t<span class=\"flex items-center text-neutral font-bold\">\n\t\t<svg class=\"icon icon-4 sp-mr-1\" xmlns=\"http:\/\/www.w3.org\/2000\/svg\" viewBox=\"0 0 20 20\"><path d=\"M1 4c0-1.1.9-2 2-2h14a2 2 0 0 1 2 2v14a2 2 0 0 1-2 2H3a2 2 0 0 1-2-2V4zm2 2v12h14V6H3zm2-6h2v2H5V0zm8 0h2v2h-2V0zM5 9h2v2H5V9zm0 4h2v2H5v-2zm4-4h2v2H9V9zm0 4h2v2H9v-2zm4-4h2v2h-2V9zm0 4h2v2h-2v-2z\"\/><\/svg>        Jan 05, 2026\t\t<\/span>\n\n        <a href=\"https:\/\/turbowinx.com\/pl\/fiscal-shockwave-europes-igaming-sector-faces-historic-tax-squeeze-in-2026\/\" class=\"flex items-center font-bold no-underline\">\n\t\t\t<span data-str=\"read_more_text\">\n\t\t\t\tRead More\t\t\t<\/span>\n            <svg class=\"icon icon-4\" xmlns=\"http:\/\/www.w3.org\/2000\/svg\" viewBox=\"0 0 20 20\"><path d=\"M12.95 10.707l.707-.707L8 4.343 6.586 5.757 10.828 10l-4.242 4.243L8 15.657l4.95-4.95z\"\/><\/svg>        <\/a>\n    <\/div>\n<\/li>\n<\/ul>\n\n\n\n<p><\/p>\n","protected":false},"excerpt":{"rendered":"<p>Twoim poufnym przewodniku po wszystkim, co dzieje si\u0119 w \u015bwiecie kasyn online i gier slotowych. U nas ka\u017cda aktualizacja to zapowied\u017a wielkiego wydarzenia: premiera zupe\u0142nie nowego slota, rekordowa wygrana jackpota, czy zmiana w przepisach hazardowych, kt\u00f3ra mo\u017ce ukszta\u0142towa\u0107 przysz\u0142o\u015b\u0107 bran\u017cy. Nasza misja jest prosta &#8211; chcemy, aby\u015b zawsze by\u0142 o krok do przodu. Od ekskluzywnych [&hellip;]<\/p>\n","protected":false},"author":1,"featured_media":0,"parent":0,"menu_order":0,"comment_status":"closed","ping_status":"closed","template":"templates\/page-cover.php","meta":{"_acf_changed":false,"footnotes":""},"class_list":["post-14145","page","type-page","status-publish","hentry"],"aioseo_notices":[],"acf":[],"_links":{"self":[{"href":"https:\/\/turbowinx.com\/pl\/wp-json\/wp\/v2\/pages\/14145","targetHints":{"allow":["GET"]}}],"collection":[{"href":"https:\/\/turbowinx.com\/pl\/wp-json\/wp\/v2\/pages"}],"about":[{"href":"https:\/\/turbowinx.com\/pl\/wp-json\/wp\/v2\/types\/page"}],"author":[{"embeddable":true,"href":"https:\/\/turbowinx.com\/pl\/wp-json\/wp\/v2\/users\/1"}],"replies":[{"embeddable":true,"href":"https:\/\/turbowinx.com\/pl\/wp-json\/wp\/v2\/comments?post=14145"}],"version-history":[{"count":1,"href":"https:\/\/turbowinx.com\/pl\/wp-json\/wp\/v2\/pages\/14145\/revisions"}],"predecessor-version":[{"id":14147,"href":"https:\/\/turbowinx.com\/pl\/wp-json\/wp\/v2\/pages\/14145\/revisions\/14147"}],"wp:attachment":[{"href":"https:\/\/turbowinx.com\/pl\/wp-json\/wp\/v2\/media?parent=14145"}],"curies":[{"name":"wp","href":"https:\/\/api.w.org\/{rel}","templated":true}]}}