{"id":14149,"date":"2025-09-10T07:34:57","date_gmt":"2025-09-10T07:34:57","guid":{"rendered":"https:\/\/turbowinx.com\/slot-games\/"},"modified":"2025-10-15T10:58:19","modified_gmt":"2025-10-15T10:58:19","slug":"slot-games","status":"publish","type":"page","link":"https:\/\/turbowinx.com\/pl\/slot-games\/","title":{"rendered":"Recenzje Gier Slotowych"},"content":{"rendered":"\n<h1 class=\"wp-block-heading\" id=\"h-online-slot-games-reviews-amp-rtp\"><strong>Recenzje Gier Slotowych Online i RTP<\/strong><\/h1>\n\n\n\n<p>Na Turbowinx znajdziesz szczeg\u00f3\u0142owe i zaufane recenzje najpopularniejszych slot\u00f3w online. Nasz\u0105 misj\u0105 jest pom\u00f3c graczom zrozumie\u0107 kluczowe elementy ka\u017cdej gry przed rozpocz\u0119ciem rozgrywki &#8211; od RTP i zmienno\u015bci, po linie wygrywaj\u0105ce i funkcje bonusowe.<\/p>\n\n\n\n<p>W naszych recenzjach znajdziesz jasne wyja\u015bnienia, jak dzia\u0142aj\u0105 sloty:<\/p>\n\n\n\n<ul class=\"wp-block-list\">\n<li><strong>RTP (zwrot dla gracza)<\/strong>\u00a0&#8211; wskazuje teoretyczny procent wyp\u0142at.<\/li>\n\n\n\n<li><strong>Zmienno\u015b\u0107<\/strong>\u00a0&#8211; okre\u015bla, jak cz\u0119sto i jak du\u017ce mog\u0105 by\u0107 wygrane.<\/li>\n\n\n\n<li><strong>Linie wygrywaj\u0105ce i mechanika<\/strong>\u00a0(w tym Megaways i Cluster Pays) &#8211; definiuj\u0105, jak tworzone s\u0105 kombinacje.<\/li>\n\n\n\n<li><strong>Funkcje bonusowe<\/strong>, takie jak darmowe spiny, mno\u017cniki i jackpoty, sprawiaj\u0105, \u017ce rozgrywka jest ekscytuj\u0105ca.<\/li>\n<\/ul>\n\n\n\n<p>Prezentujemy r\u00f3wnie\u017c gry od wiod\u0105cych dostawc\u00f3w, takich jak Pragmatic Play, NetEnt, Play\u2019n GO i Microgaming, przedstawiaj\u0105c ich najlepsze tytu\u0142y i innowacyjne projekty.<\/p>\n\n\n\n<p>Od klasycznych &#8222;owoc\u00f3wek&#8221; po nowoczesne wideo sloty pe\u0142ne animacji i funkcji specjalnych  nasze recenzje maj\u0105 na celu da\u0107 Ci pe\u0142ny obraz tego, czego mo\u017cesz si\u0119 spodziewa\u0107.<\/p>\n\n\n\n<p>W Turbowinx zawsze znajdziesz bezstronne i aktualne informacje o grach slotowych, co u\u0142atwi Ci wyb\u00f3r tytu\u0142\u00f3w dopasowanych do Twojego stylu gry.<\/p>\n\n\n<div class=\"games-grid-wrapper sp-mb-8 \" data-listing-id=\"N98aWhS6ShqEKgIl\"><ul class=\"games-grid list-none grid gap-4 md:grid-cols-2\" data-page=\"1\"\n\t\t\t\tdata-per-page=\"-1\"\n                data-category-id=\"627\"\n\t\t\t\tdata-total=\"3\"\n\t\t\t\tdata-style=\"1\"><li class=\"border spinoko_shadow spinoko_rounded spinoko_transition\"\n\t\t\t\t\tdata-id=\"14353\">\n\t\t\t\t\t<a href=\"https:\/\/turbowinx.com\/pl\/game\/gonzos-quest-review\/\" class=\"block no-underline\"><div class=\"sp-p-2 text-lg font-bold text-body text-center md:text-left\" >Gonzo\u2019s Quest<\/div><div class=\"h-64 overflow-hidden\" ><img\n\t\t\tsrc=\"https:\/\/turbowinx.com\/wp-content\/uploads\/2025\/11\/Gonzo_Quest.webp\"\n\t\t\talt=\"Gonzo\u2019s Quest\"\n            loading=\"lazy\"\n            decoding=\"async\"\n\t\t\tclass=\"block bg-light w-full max-w-full h-full max-h-full\"\/><\/div><div class=\"md:flex items-center justify-between sp-p-2\" ><div class=\"font-bold text-center md:text-left block sp-mb-2 md:sp-mb-0\" ><span class=\"text-neutral font-bold sp-mr-1\" data-str=\"games_grid_software_label\">Oprogramowanie:<\/span><span class=\"text-body\" >NetEnt<\/span><\/div><span class=\"text-star\" ><span class=\"rating-stars flex items-center justify-center\" data-rating=\"4.75\"><svg class=\"icon icon-fill-base icon-6\" viewBox=\"0 0 20 21\" title=\"full star\">\n\t<path d=\"M10,15.273 L16.18,19 L14.545,11.971 L20,7.244 L12.809,6.627 L10,0 L7.191,6.627 L0,7.244 L5.455,11.971 L3.82,19 L10,15.273 Z\" \/>\n<\/svg>\n<svg class=\"icon icon-fill-base icon-6\" viewBox=\"0 0 20 21\" title=\"full star\">\n\t<path d=\"M10,15.273 L16.18,19 L14.545,11.971 L20,7.244 L12.809,6.627 L10,0 L7.191,6.627 L0,7.244 L5.455,11.971 L3.82,19 L10,15.273 Z\" \/>\n<\/svg>\n<svg class=\"icon icon-fill-base icon-6\" viewBox=\"0 0 20 21\" title=\"full star\">\n\t<path d=\"M10,15.273 L16.18,19 L14.545,11.971 L20,7.244 L12.809,6.627 L10,0 L7.191,6.627 L0,7.244 L5.455,11.971 L3.82,19 L10,15.273 Z\" \/>\n<\/svg>\n<svg class=\"icon icon-fill-base icon-6\" viewBox=\"0 0 20 21\" title=\"full star\">\n\t<path d=\"M10,15.273 L16.18,19 L14.545,11.971 L20,7.244 L12.809,6.627 L10,0 L7.191,6.627 L0,7.244 L5.455,11.971 L3.82,19 L10,15.273 Z\" \/>\n<\/svg>\n<svg class=\"icon icon-fill-base icon-6\" viewBox=\"0 0 20 21\" title=\"half empty star\">\n\t<path d=\"M20,6.744 L12.809,6.127 L10,-0.5 L7.191,6.127 L0,6.744 L5.455,11.471 L3.82,18.5 L10,14.772 L16.18,18.499 L14.545,11.47 L20,6.744 L20,6.744 Z M10,12.896 L10,3.595 L11.71,7.631 L16.09,8.007 L12.768,10.885 L13.764,15.166 L10,12.896 L10,12.896 Z\" \/>\n<\/svg>\n<span class=\"sp-ml-2 text-neutral font-bold\">9.5\/ 10<\/span><\/span><\/span><\/div><\/a>\n\t\t\t\t<\/li><li class=\"border spinoko_shadow spinoko_rounded spinoko_transition\"\n\t\t\t\t\tdata-id=\"14219\">\n\t\t\t\t\t<a href=\"https:\/\/turbowinx.com\/pl\/game\/big-bass-bonanza-review\/\" class=\"block no-underline\"><div class=\"sp-p-2 text-lg font-bold text-body text-center md:text-left\" >Big Bass Bonanza<\/div><div class=\"h-64 overflow-hidden\" ><img\n\t\t\tsrc=\"https:\/\/turbowinx.com\/wp-content\/uploads\/2025\/10\/Big_Bass_Bonanza-1.webp\"\n\t\t\talt=\"Big Bass Bonanza\"\n            loading=\"lazy\"\n            decoding=\"async\"\n\t\t\tclass=\"block bg-light w-full max-w-full h-full max-h-full\"\/><\/div><div class=\"md:flex items-center justify-between sp-p-2\" ><div class=\"font-bold text-center md:text-left block sp-mb-2 md:sp-mb-0\" ><span class=\"text-neutral font-bold sp-mr-1\" data-str=\"games_grid_software_label\">Oprogramowanie:<\/span><span class=\"text-body\" >Pragmatic Play<\/span><\/div><span class=\"text-star\" ><span class=\"rating-stars flex items-center justify-center\" data-rating=\"4.5\"><svg class=\"icon icon-fill-base icon-6\" viewBox=\"0 0 20 21\" title=\"full star\">\n\t<path d=\"M10,15.273 L16.18,19 L14.545,11.971 L20,7.244 L12.809,6.627 L10,0 L7.191,6.627 L0,7.244 L5.455,11.971 L3.82,19 L10,15.273 Z\" \/>\n<\/svg>\n<svg class=\"icon icon-fill-base icon-6\" viewBox=\"0 0 20 21\" title=\"full star\">\n\t<path d=\"M10,15.273 L16.18,19 L14.545,11.971 L20,7.244 L12.809,6.627 L10,0 L7.191,6.627 L0,7.244 L5.455,11.971 L3.82,19 L10,15.273 Z\" \/>\n<\/svg>\n<svg class=\"icon icon-fill-base icon-6\" viewBox=\"0 0 20 21\" title=\"full star\">\n\t<path d=\"M10,15.273 L16.18,19 L14.545,11.971 L20,7.244 L12.809,6.627 L10,0 L7.191,6.627 L0,7.244 L5.455,11.971 L3.82,19 L10,15.273 Z\" \/>\n<\/svg>\n<svg class=\"icon icon-fill-base icon-6\" viewBox=\"0 0 20 21\" title=\"full star\">\n\t<path d=\"M10,15.273 L16.18,19 L14.545,11.971 L20,7.244 L12.809,6.627 L10,0 L7.191,6.627 L0,7.244 L5.455,11.971 L3.82,19 L10,15.273 Z\" \/>\n<\/svg>\n<svg class=\"icon icon-fill-base icon-6\" viewBox=\"0 0 20 21\" title=\"half empty star\">\n\t<path d=\"M20,6.744 L12.809,6.127 L10,-0.5 L7.191,6.127 L0,6.744 L5.455,11.471 L3.82,18.5 L10,14.772 L16.18,18.499 L14.545,11.47 L20,6.744 L20,6.744 Z M10,12.896 L10,3.595 L11.71,7.631 L16.09,8.007 L12.768,10.885 L13.764,15.166 L10,12.896 L10,12.896 Z\" \/>\n<\/svg>\n<span class=\"sp-ml-2 text-neutral font-bold\">9\/ 10<\/span><\/span><\/span><\/div><\/a>\n\t\t\t\t<\/li><li class=\"border spinoko_shadow spinoko_rounded spinoko_transition\"\n\t\t\t\t\tdata-id=\"14137\">\n\t\t\t\t\t<a href=\"https:\/\/turbowinx.com\/pl\/game\/starburst-review\/\" class=\"block no-underline\"><div class=\"sp-p-2 text-lg font-bold text-body text-center md:text-left\" >Starburst<\/div><div class=\"h-64 overflow-hidden\" ><img\n\t\t\tsrc=\"https:\/\/turbowinx.com\/wp-content\/uploads\/2025\/10\/Starburst.webp\"\n\t\t\talt=\"Starburst\"\n            loading=\"lazy\"\n            decoding=\"async\"\n\t\t\tclass=\"block bg-light w-full max-w-full h-full max-h-full\"\/><\/div><div class=\"md:flex items-center justify-between sp-p-2\" ><div class=\"font-bold text-center md:text-left block sp-mb-2 md:sp-mb-0\" ><span class=\"text-neutral font-bold sp-mr-1\" data-str=\"games_grid_software_label\">Oprogramowanie:<\/span><span class=\"text-body\" >NetEnt<\/span><\/div><span class=\"text-star\" ><span class=\"rating-stars flex items-center justify-center\" data-rating=\"5\"><svg class=\"icon icon-fill-base icon-6\" viewBox=\"0 0 20 21\" title=\"full star\">\n\t<path d=\"M10,15.273 L16.18,19 L14.545,11.971 L20,7.244 L12.809,6.627 L10,0 L7.191,6.627 L0,7.244 L5.455,11.971 L3.82,19 L10,15.273 Z\" \/>\n<\/svg>\n<svg class=\"icon icon-fill-base icon-6\" viewBox=\"0 0 20 21\" title=\"full star\">\n\t<path d=\"M10,15.273 L16.18,19 L14.545,11.971 L20,7.244 L12.809,6.627 L10,0 L7.191,6.627 L0,7.244 L5.455,11.971 L3.82,19 L10,15.273 Z\" \/>\n<\/svg>\n<svg class=\"icon icon-fill-base icon-6\" viewBox=\"0 0 20 21\" title=\"full star\">\n\t<path d=\"M10,15.273 L16.18,19 L14.545,11.971 L20,7.244 L12.809,6.627 L10,0 L7.191,6.627 L0,7.244 L5.455,11.971 L3.82,19 L10,15.273 Z\" \/>\n<\/svg>\n<svg class=\"icon icon-fill-base icon-6\" viewBox=\"0 0 20 21\" title=\"full star\">\n\t<path d=\"M10,15.273 L16.18,19 L14.545,11.971 L20,7.244 L12.809,6.627 L10,0 L7.191,6.627 L0,7.244 L5.455,11.971 L3.82,19 L10,15.273 Z\" \/>\n<\/svg>\n<svg class=\"icon icon-fill-base icon-6\" viewBox=\"0 0 20 21\" title=\"full star\">\n\t<path d=\"M10,15.273 L16.18,19 L14.545,11.971 L20,7.244 L12.809,6.627 L10,0 L7.191,6.627 L0,7.244 L5.455,11.971 L3.82,19 L10,15.273 Z\" \/>\n<\/svg>\n<span class=\"sp-ml-2 text-neutral font-bold\">10\/ 10<\/span><\/span><\/span><\/div><\/a>\n\t\t\t\t<\/li><li class=\"items-unavailable sp-mb-8 hidden\">\n\t\t\t\t\t\t\t<p class=\"sp-px-4 sp-py-2 border border-neutral spinoko_rounded spinoko_shadow text-lg font-normal\"\n\t\t\t\t\t\t\t\tdata-str=\"table_filters_nothing_found_text\">\n\t\t\t\t\t\t\t\tThere are no results based on your criteria.\n\t\t\t\t\t\t\t<\/p>\n\t\t\t\t\t\t<\/li><\/ul><button class=\"load-more-games button-casino button-casino__outline spinoko_rounded spinoko_shadow sp-px-8 sp-ml-auto sp-mt-4\"\n\t\t\t\t\tdata-str=\"games_grid_load_more_button_text\">\n\t\t\t\t\tZa\u0142aduj wi\u0119cej gier\n\t\t\t\t<\/button><\/div>\n\n\n<ul class=\"blog-posts list-none spinoko-recent-posts grid gap-4 md:grid-cols-2 lg:grid-cols-3 sp-mb-4\n\t\">\n\n    <\/ul>\n","protected":false},"excerpt":{"rendered":"<p>Recenzje Gier Slotowych Online i RTP Na Turbowinx znajdziesz szczeg\u00f3\u0142owe i zaufane recenzje najpopularniejszych slot\u00f3w online. Nasz\u0105 misj\u0105 jest pom\u00f3c graczom zrozumie\u0107 kluczowe elementy ka\u017cdej gry przed rozpocz\u0119ciem rozgrywki &#8211; od RTP i zmienno\u015bci, po linie wygrywaj\u0105ce i funkcje bonusowe. W naszych recenzjach znajdziesz jasne wyja\u015bnienia, jak dzia\u0142aj\u0105 sloty: Prezentujemy r\u00f3wnie\u017c gry od wiod\u0105cych dostawc\u00f3w, [&hellip;]<\/p>\n","protected":false},"author":1,"featured_media":0,"parent":0,"menu_order":0,"comment_status":"closed","ping_status":"closed","template":"templates\/page-cover.php","meta":{"_acf_changed":false,"footnotes":""},"class_list":["post-14149","page","type-page","status-publish","hentry"],"aioseo_notices":[],"acf":[],"_links":{"self":[{"href":"https:\/\/turbowinx.com\/pl\/wp-json\/wp\/v2\/pages\/14149","targetHints":{"allow":["GET"]}}],"collection":[{"href":"https:\/\/turbowinx.com\/pl\/wp-json\/wp\/v2\/pages"}],"about":[{"href":"https:\/\/turbowinx.com\/pl\/wp-json\/wp\/v2\/types\/page"}],"author":[{"embeddable":true,"href":"https:\/\/turbowinx.com\/pl\/wp-json\/wp\/v2\/users\/1"}],"replies":[{"embeddable":true,"href":"https:\/\/turbowinx.com\/pl\/wp-json\/wp\/v2\/comments?post=14149"}],"version-history":[{"count":1,"href":"https:\/\/turbowinx.com\/pl\/wp-json\/wp\/v2\/pages\/14149\/revisions"}],"predecessor-version":[{"id":14151,"href":"https:\/\/turbowinx.com\/pl\/wp-json\/wp\/v2\/pages\/14149\/revisions\/14151"}],"wp:attachment":[{"href":"https:\/\/turbowinx.com\/pl\/wp-json\/wp\/v2\/media?parent=14149"}],"curies":[{"name":"wp","href":"https:\/\/api.w.org\/{rel}","templated":true}]}}